{"id":38,"date":"2016-12-02T15:23:27","date_gmt":"2016-12-02T18:23:27","guid":{"rendered":"http:\/\/cdab.chilaproducciones.com.ar\/?page_id=38"},"modified":"2025-04-16T11:40:19","modified_gmt":"2025-04-16T14:40:19","slug":"reglamento","status":"publish","type":"page","link":"https:\/\/www.arte.unicen.edu.ar\/cdab\/institucional\/reglamento\/","title":{"rendered":"Reglamento y resoluciones"},"content":{"rendered":"\n<p>Reglamento y resoluciones del <strong>Centro de Documentaci\u00f3n Audiovisual y Biblioteca (CDAB)<\/strong> de la <a title=\"Facultad de Arte\" href=\"http:\/\/www.arte.unicen.edu.ar\/\" target=\"_blank\" rel=\"noopener noreferrer\">Facultad de Arte<\/a> en donde se establecen condiciones de acceso y uso de los servicios y materiales para todxs lxs usuarixs:<\/p>\n<div class=\"container-newsbutton\">\n<a class=\"cdab-newsbuttonlink\" href=\"\/cdab\/wp-content\/uploads\/2025\/04\/reglamento-cdab.pdf\" target=\"_blank\" rel=\"noopener noreferrer\"><div class=\"cdab-pdf-newsbutton\">Reglamento vigente CDAB<\/div><\/a>\n<\/div>\n<hr style=\"margin: 35px 0px;\"\/>\n<h3>Hist\u00f3rico de resoluciones y documentos normativos de <strong>CDAB<\/strong><\/h3>\n<ol>\n<li><a href=\"http:\/\/www.arte.unicen.edu.ar\/cdab\/wp-content\/uploads\/2020\/03\/res-047-11.pdf\" target=\"_blank\" rel=\"noopener noreferrer\">Resoluci\u00f3n 047\/11 &#8211; Creaci\u00f3n del Centro de Documentaci\u00f3n Audiovisual y Biblioteca (CDAB) de la Facultad de Arte<br \/><\/a><em>29 de marzo de 2011<\/em><\/li>\n<li><a href=\"http:\/\/www.arte.unicen.edu.ar\/cdab\/wp-content\/uploads\/2020\/03\/res-047-11-anexo.pdf\" target=\"_blank\" rel=\"noopener noreferrer\">Resoluci\u00f3n 047\/11. Anexo I &#8211; Creaci\u00f3n del Centro de Documentaci\u00f3n Audiovisual y Biblioteca (CDAB) de la Facultad de Arte<br \/><\/a><em>29 de marzo de 2011<\/em><\/li>\n<li><a href=\"http:\/\/www.arte.unicen.edu.ar\/cdab\/wp-content\/uploads\/2020\/03\/res-123-11.pdf\" target=\"_blank\" rel=\"noopener noreferrer\">Resoluci\u00f3n 123\/11 &#8211; Reglamento del Centro de Documentaci\u00f3n Audiovisual y Biblioteca (CDAB) de la Facultad de Arte<br \/><\/a><em>30 de agosto de 2011<\/em> | <span style=\"color: #d23a48;\"><strong>Reemplazado por Res. 023\/20<\/strong><\/span><\/li>\n<li><a href=\"http:\/\/www.arte.unicen.edu.ar\/cdab\/wp-content\/uploads\/2020\/03\/res-023-20.pdf\" target=\"_blank\" rel=\"noopener noreferrer\">Resoluci\u00f3n 023\/20 &#8211; Actualizaci\u00f3n del Reglamento del Centro de Documentaci\u00f3n Audiovisual y Biblioteca (CDAB) de la Facultad de Arte<\/a><br \/><em>03 de marzo de 2020<\/em> | <span style=\"color: #d23a48;\"><strong>Reemplazado por Res. 025\/25<\/strong><\/span><\/li>\n<li><a href=\"http:\/\/www.arte.unicen.edu.ar\/cdab\/wp-content\/uploads\/2021\/08\/consideraciones-apertura-limitada-cdab.pdf\" target=\"_blank\" rel=\"noopener noreferrer\">Consideraciones para apertura limitada, pr\u00e9stamo y devoluci\u00f3n de materiales del Centro de Documentaci\u00f3n Audiovisual y Biblioteca (CDAB)<\/a><br \/><em>26 de agosto de 2021<\/em> | <span style=\"color: #d23a48;\"><strong>Limitadas a ciclos 2020-2021 con motivo del COVID-19<\/strong><\/span><\/li>\n<li><a href=\"https:\/\/www.arte.unicen.edu.ar\/cdab\/wp-content\/uploads\/2023\/08\/consideraciones-equipos-espacios-progresar.pdf\" target=\"_blank\" rel=\"noopener noreferrer\">Consideraciones para el uso de equipos inform\u00e1ticos Espacios Progresar en el CDAB \u2013 FA, UNICEN<\/a><br \/><em>02 de agosto de 2023<\/em> | <span style=\"color: #d23a48;\"><strong>Incorporado al reglamento vigente CDAB<\/strong><\/span><\/li>\n<li><a href=\"https:\/\/www.arte.unicen.edu.ar\/cdab\/wp-content\/uploads\/2025\/04\/res-025-25.pdf\" target=\"_blank\" rel=\"noopener noreferrer\">Resoluci\u00f3n 025\/25 \u2013 Revisi\u00f3n del Reglamento del Centro de Documentaci\u00f3n Audiovisual y Biblioteca (CDAB) de la Facultad de Arte<\/a><br \/><em>25 de marzo de 2025<\/em> | <span style=\"color: #d23a48;\"><strong>Reglamento vigente CDAB<\/strong><\/span><\/li>\n<\/ol>\n","protected":false},"excerpt":{"rendered":"<p>Reglamento y resoluciones del Centro de Documentaci\u00f3n Audiovisual y Biblioteca (CDAB) de la Facultad de Arte en donde se establecen condiciones de acceso y uso de los servicios y materiales para todxs lxs usuarixs: Reglamento vigente CDAB Hist\u00f3rico de resoluciones y documentos normativos de CDAB Resoluci\u00f3n 047\/11 &#8211; Creaci\u00f3n del Centro de Documentaci\u00f3n Audiovisual y Biblioteca (CDAB) de la Facultad [&hellip;]<\/p>\n","protected":false},"author":1,"featured_media":0,"parent":5,"menu_order":0,"comment_status":"closed","ping_status":"closed","template":"","meta":{"_acf_changed":false,"footnotes":""},"class_list":["post-38","page","type-page","status-publish","hentry"],"acf":[],"_links":{"self":[{"href":"https:\/\/www.arte.unicen.edu.ar\/cdab\/wp-json\/wp\/v2\/pages\/38","targetHints":{"allow":["GET"]}}],"collection":[{"href":"https:\/\/www.arte.unicen.edu.ar\/cdab\/wp-json\/wp\/v2\/pages"}],"about":[{"href":"https:\/\/www.arte.unicen.edu.ar\/cdab\/wp-json\/wp\/v2\/types\/page"}],"author":[{"embeddable":true,"href":"https:\/\/www.arte.unicen.edu.ar\/cdab\/wp-json\/wp\/v2\/users\/1"}],"replies":[{"embeddable":true,"href":"https:\/\/www.arte.unicen.edu.ar\/cdab\/wp-json\/wp\/v2\/comments?post=38"}],"version-history":[{"count":2,"href":"https:\/\/www.arte.unicen.edu.ar\/cdab\/wp-json\/wp\/v2\/pages\/38\/revisions"}],"predecessor-version":[{"id":33704,"href":"https:\/\/www.arte.unicen.edu.ar\/cdab\/wp-json\/wp\/v2\/pages\/38\/revisions\/33704"}],"up":[{"embeddable":true,"href":"https:\/\/www.arte.unicen.edu.ar\/cdab\/wp-json\/wp\/v2\/pages\/5"}],"wp:attachment":[{"href":"https:\/\/www.arte.unicen.edu.ar\/cdab\/wp-json\/wp\/v2\/media?parent=38"}],"curies":[{"name":"wp","href":"https:\/\/api.w.org\/{rel}","templated":true}]}}