{"id":32380,"date":"2024-10-09T11:34:14","date_gmt":"2024-10-09T14:34:14","guid":{"rendered":"https:\/\/www.arte.unicen.edu.ar\/cdab\/?page_id=32380"},"modified":"2024-10-25T09:57:55","modified_gmt":"2024-10-25T12:57:55","slug":"renovacion-usuarios","status":"publish","type":"page","link":"https:\/\/www.arte.unicen.edu.ar\/cdab\/renovacion-usuarios\/","title":{"rendered":"Renovaci\u00f3n de usuarios"},"content":{"rendered":"\n<p>Para continuar accediendo a los servicios que brinda el <strong>CDAB<\/strong>, <strong>todos los a\u00f1os deb\u00e9s renovar tu usuario<\/strong>. Es sencillo y s\u00f3lo te tomar\u00e1 un minuto:<\/p>\n\n\n\n<div class=\"wpcf7 no-js\" id=\"wpcf7-f32383-o1\" lang=\"es-AR\" dir=\"ltr\" data-wpcf7-id=\"32383\">\n<div class=\"screen-reader-response\"><p role=\"status\" aria-live=\"polite\" aria-atomic=\"true\"><\/p> <\/div>\n<form action=\"\/cdab\/wp-json\/wp\/v2\/pages\/32380#wpcf7-f32383-o1\" method=\"post\" class=\"wpcf7-form init\" aria-label=\"Contact form\" enctype=\"multipart\/form-data\" novalidate=\"novalidate\" data-status=\"init\">\n<fieldset class=\"hidden-fields-container\"><input type=\"hidden\" name=\"_wpcf7\" value=\"32383\" \/><input type=\"hidden\" name=\"_wpcf7_version\" value=\"6.1.3\" \/><input type=\"hidden\" name=\"_wpcf7_locale\" value=\"es_AR\" \/><input type=\"hidden\" name=\"_wpcf7_unit_tag\" value=\"wpcf7-f32383-o1\" \/><input type=\"hidden\" name=\"_wpcf7_container_post\" value=\"0\" \/><input type=\"hidden\" name=\"_wpcf7_posted_data_hash\" value=\"\" \/><input type=\"hidden\" name=\"_wpcf7cf_hidden_group_fields\" value=\"[]\" \/><input type=\"hidden\" name=\"_wpcf7cf_hidden_groups\" value=\"[]\" \/><input type=\"hidden\" name=\"_wpcf7cf_visible_groups\" value=\"[]\" \/><input type=\"hidden\" name=\"_wpcf7cf_repeaters\" value=\"[]\" \/><input type=\"hidden\" name=\"_wpcf7cf_steps\" value=\"{}\" \/><input type=\"hidden\" name=\"_wpcf7cf_options\" value=\"{&quot;form_id&quot;:32383,&quot;conditions&quot;:[{&quot;then_field&quot;:&quot;cdab-usuariobcu-tengousuario&quot;,&quot;and_rules&quot;:[{&quot;if_field&quot;:&quot;cdab-usuariobcu-chequearusuario&quot;,&quot;operator&quot;:&quot;equals&quot;,&quot;if_value&quot;:&quot;SI, tengo un usuario&quot;}]},{&quot;then_field&quot;:&quot;cdab-usuariobcu-notengousuario&quot;,&quot;and_rules&quot;:[{&quot;if_field&quot;:&quot;cdab-usuariobcu-chequearusuario&quot;,&quot;operator&quot;:&quot;equals&quot;,&quot;if_value&quot;:&quot;NO, no gener\\u00e9 un usuario a\\u00fan&quot;}]},{&quot;then_field&quot;:&quot;-1&quot;,&quot;and_rules&quot;:[{&quot;if_field&quot;:&quot;-1&quot;,&quot;operator&quot;:&quot;equals&quot;,&quot;if_value&quot;:&quot;&quot;}]}],&quot;settings&quot;:{&quot;animation&quot;:&quot;yes&quot;,&quot;animation_intime&quot;:&quot;200&quot;,&quot;animation_outtime&quot;:&quot;200&quot;,&quot;conditions_ui&quot;:&quot;normal&quot;,&quot;notice_dismissed&quot;:true}}\" \/>\n<\/fieldset>\n<h3>\u00bfYa te registraste como usuario en el sistema de Biblioteca Central UNICEN \/ CDAB?\n<\/h3>\n<p><span class=\"wpcf7-form-control-wrap\" data-name=\"cdab-usuariobcu-chequearusuario\"><span class=\"wpcf7-form-control wpcf7-checkbox wpcf7-validates-as-required wpcf7-exclusive-checkbox cdab-usuariobcu-chequearusuario\" id=\"cdab-usuariobcu-chequearusuario\"><span class=\"wpcf7-list-item first\"><label><input type=\"checkbox\" name=\"cdab-usuariobcu-chequearusuario\" value=\"SI, tengo un usuario\" \/><span class=\"wpcf7-list-item-label\">SI, tengo un usuario<\/span><\/label><\/span><span class=\"wpcf7-list-item last\"><label><input type=\"checkbox\" name=\"cdab-usuariobcu-chequearusuario\" value=\"NO, no gener\u00e9 un usuario a\u00fan\" \/><span class=\"wpcf7-list-item-label\">NO, no gener\u00e9 un usuario a\u00fan<\/span><\/label><\/span><\/span><\/span>\n<\/p>\n<div data-id=\"cdab-usuariobcu-tengousuario\" data-orig_data_id=\"cdab-usuariobcu-tengousuario\"  class=\"\" data-class=\"wpcf7cf_group\">\n\t<p><strong>Vamos a actualizar tus datos personales.<\/strong> Por favor, complet\u00e1 todos los campos solicitados a continuaci\u00f3n:\n\t<\/p>\n\t<div class=\"icon\">\n\t\t<p><span class=\"wpcf7-form-control-wrap\" data-name=\"cdab-usuariobcu-apellido\"><input size=\"40\" maxlength=\"400\" class=\"wpcf7-form-control wpcf7-text wpcf7-validates-as-required cdab-usuariobcu-apellido\" aria-required=\"true\" aria-invalid=\"false\" placeholder=\"Apellido\/s\" value=\"\" type=\"text\" name=\"cdab-usuariobcu-apellido\" \/><\/span>\n\t\t<\/p>\n\t<\/div>\n\t<div class=\"icon\">\n\t\t<p><span class=\"wpcf7-form-control-wrap\" data-name=\"cdab-usuariobcu-nombre\"><input size=\"40\" maxlength=\"400\" class=\"wpcf7-form-control wpcf7-text wpcf7-validates-as-required cdab-usuariobcu-nombre\" aria-required=\"true\" aria-invalid=\"false\" placeholder=\"Nombre\/s\" value=\"\" type=\"text\" name=\"cdab-usuariobcu-nombre\" \/><\/span>\n\t\t<\/p>\n\t<\/div>\n\t<div class=\"icon\">\n\t\t<p><span class=\"wpcf7-form-control-wrap\" data-name=\"cdab-usuariobcu-dni\"><input size=\"40\" maxlength=\"8\" minlength=\"7\" class=\"wpcf7-form-control wpcf7-text wpcf7-validates-as-required cdab-usuariobcu-dni\" aria-required=\"true\" aria-invalid=\"false\" placeholder=\"DNI (sin puntos)\" value=\"\" type=\"text\" name=\"cdab-usuariobcu-dni\" \/><\/span>\n\t\t<\/p>\n\t<\/div>\n\t<div class=\"icon\">\n\t\t<p><span class=\"wpcf7-form-control-wrap\" data-name=\"cdab-usuariobcu-domicilioactual\"><input size=\"40\" maxlength=\"400\" class=\"wpcf7-form-control wpcf7-text wpcf7-validates-as-required cdab-usuariobcu-domicilioactual\" aria-required=\"true\" aria-invalid=\"false\" placeholder=\"Domicilio actual\" value=\"\" type=\"text\" name=\"cdab-usuariobcu-domicilioactual\" \/><\/span>\n\t\t<\/p>\n\t<\/div>\n\t<div class=\"icon\">\n\t\t<p><span class=\"wpcf7-form-control-wrap\" data-name=\"cdab-usuariobcu-telefono\"><input size=\"40\" maxlength=\"25\" minlength=\"9\" class=\"wpcf7-form-control wpcf7-tel wpcf7-validates-as-required wpcf7-text wpcf7-validates-as-tel cdab-usuariobcu-telefono\" aria-required=\"true\" aria-invalid=\"false\" placeholder=\"Tel\u00e9fono celular\" value=\"\" type=\"tel\" name=\"cdab-usuariobcu-telefono\" \/><\/span>\n\t\t<\/p>\n\t<\/div>\n\t<div class=\"icon\">\n\t\t<p><span class=\"wpcf7-form-control-wrap\" data-name=\"cdab-usuariobcu-email\"><input size=\"40\" maxlength=\"400\" class=\"wpcf7-form-control wpcf7-email wpcf7-validates-as-required wpcf7-text wpcf7-validates-as-email cdab-usuariobcu-email\" aria-required=\"true\" aria-invalid=\"false\" placeholder=\"Correo electr\u00f3nico\" value=\"\" type=\"email\" name=\"cdab-usuariobcu-email\" \/><\/span>\n\t\t<\/p>\n\t<\/div>\n\t<h3 style=\"margin-top: 40px;\">Informaci\u00f3n acad\u00e9mica\n\t<\/h3>\n\t<p>Seleccione el claustro del que forma parte:\n\t<\/p>\n\t<p><span class=\"wpcf7-form-control-wrap\" data-name=\"cdab-usuariobcu-claustro\"><select class=\"wpcf7-form-control wpcf7-select wpcf7-validates-as-required cdab-usuariobcu-claustro\" aria-required=\"true\" aria-invalid=\"false\" name=\"cdab-usuariobcu-claustro\"><option value=\"\">&#8212;Please choose an option&#8212;<\/option><option value=\"Estudiante\">Estudiante<\/option><option value=\"Graduado\/a\/e\">Graduado\/a\/e<\/option><option value=\"Investigador\/a\/e\">Investigador\/a\/e<\/option><option value=\"Docente\">Docente<\/option><option value=\"No docente\">No docente<\/option><\/select><\/span>\n\t<\/p>\n\t<p><span data-id=\"cdab-usuariobcu-carrera\" data-orig_data_id=\"cdab-usuariobcu-carrera\" data-clear_on_hide class=\"\" data-class=\"wpcf7cf_group\"><br \/>\nCarrera que est\u00e1s cursando, cursaste o en la que dict\u00e1s clases:<br \/>\n<span class=\"wpcf7-form-control-wrap\" data-name=\"cdab-usuariobcu-carrera\"><select class=\"wpcf7-form-control wpcf7-select wpcf7-validates-as-required cdab-usuariobcu-carrera\" aria-required=\"true\" aria-invalid=\"false\" name=\"cdab-usuariobcu-carrera\"><option value=\"\">&#8212;Please choose an option&#8212;<\/option><option value=\"PREGRADO - Diplomatura Universitaria en Arte y Tecnolog\u00eda (DATe)\">PREGRADO - Diplomatura Universitaria en Arte y Tecnolog\u00eda (DATe)<\/option><option value=\"PREGRADO - Diplomatura Universitaria en Arte para la Transformaci\u00f3n Social\">PREGRADO - Diplomatura Universitaria en Arte para la Transformaci\u00f3n Social<\/option><option value=\"PREGRADO - Diplomatura Universitaria en Est\u00e9ticas Contempor\u00e1neas (DEC)\">PREGRADO - Diplomatura Universitaria en Est\u00e9ticas Contempor\u00e1neas (DEC)<\/option><option value=\"PREGRADO - Diplomatura Universitaria en T\u00e9cnicas y Proyectos de Animaci\u00f3n 3D (DUPA 3D)\">PREGRADO - Diplomatura Universitaria en T\u00e9cnicas y Proyectos de Animaci\u00f3n 3D (DUPA 3D)<\/option><option value=\"GRADO - Profesorado de Teatro\">GRADO - Profesorado de Teatro<\/option><option value=\"GRADO - Licenciado en Teatro\">GRADO - Licenciado en Teatro<\/option><option value=\"GRADO - Realizaci\u00f3n Integral en Artes Audiovisuales\">GRADO - Realizaci\u00f3n Integral en Artes Audiovisuales<\/option><option value=\"POSGRADO - Maestr\u00eda en Teatro \/ Direcci\u00f3n Esc\u00e9nica, Dise\u00f1o Esc\u00e9nico, Actuaci\u00f3n\">POSGRADO - Maestr\u00eda en Teatro \/ Direcci\u00f3n Esc\u00e9nica, Dise\u00f1o Esc\u00e9nico, Actuaci\u00f3n<\/option><option value=\"POSGRADO - Maestr\u00eda en Arte y Sociedad en Latinoam\u00e9rica\">POSGRADO - Maestr\u00eda en Arte y Sociedad en Latinoam\u00e9rica<\/option><\/select><\/span><\/span>\n\t<\/p>\n\t<p><span data-id=\"cdab-usuariobcu-nucleo\" data-orig_data_id=\"cdab-usuariobcu-nucleo\" data-clear_on_hide class=\"\" data-class=\"wpcf7cf_group\"><br \/>\nN\u00facleo de investigaci\u00f3n del que form\u00e1s parte:<br \/>\n<span class=\"wpcf7-form-control-wrap\" data-name=\"cdab-usuariobcu-nucleo\"><select class=\"wpcf7-form-control wpcf7-select wpcf7-validates-as-required cdab-usuariobcu-nucleo\" aria-required=\"true\" aria-invalid=\"false\" name=\"cdab-usuariobcu-nucleo\"><option value=\"\">&#8212;Please choose an option&#8212;<\/option><option value=\"Centro de Investigaciones Dram\u00e1ticas (CID)\">Centro de Investigaciones Dram\u00e1ticas (CID)<\/option><option value=\"Grupo de Investigaci\u00f3n a trav\u00e9s de la Pr\u00e1ctica Art\u00edstica (GIAPA)\">Grupo de Investigaci\u00f3n a trav\u00e9s de la Pr\u00e1ctica Art\u00edstica (GIAPA)<\/option><option value=\"Centro de Estudios de Teatro, Educaci\u00f3n y Consumos Culturales (TECC)\">Centro de Estudios de Teatro, Educaci\u00f3n y Consumos Culturales (TECC)<\/option><\/select><\/span><\/span>\n\t<\/p>\n\t<div class=\"icon\">\n\t\t<p><span data-id=\"cdab-usuariobcu-certificado\" data-orig_data_id=\"cdab-usuariobcu-certificado\" data-clear_on_hide class=\"\" data-class=\"wpcf7cf_group\">Adjuntar <a href=\"https:\/\/guarani.unicen.edu.ar\/autogestion\/arte\" target=\"_blank\">certificado de estudiante regular<\/a>:<br \/>\n<span class=\"wpcf7-form-control-wrap\" data-name=\"cdab-usuariobcu-certificado\"><input size=\"40\" class=\"wpcf7-form-control wpcf7-file wpcf7-validates-as-required cdab-usuariobcu-certificado\" id=\"cdab-usuariobcu-certificado\" accept=\".pdf\" aria-required=\"true\" aria-invalid=\"false\" type=\"file\" name=\"cdab-usuariobcu-certificado\" \/><\/span><br \/>\n<\/span>\n\t\t<\/p>\n\t<\/div>\n\t<div style=\"margin: 55px auto 15px;\">\n\t\t<p><span class=\"wpcf7-form-control-wrap\" data-name=\"cdab-usuariobcu-accept\"><span class=\"wpcf7-form-control wpcf7-acceptance\"><span class=\"wpcf7-list-item\"><input type=\"checkbox\" name=\"cdab-usuariobcu-accept\" value=\"1\" class=\"cdab-usuariobcu-accept\" aria-invalid=\"false\" \/><\/span><\/span><\/span> Declaro que toda la <strong>informaci\u00f3n proporcionada es verdadera, completa y correcta<\/strong>.\n\t\t<\/p>\n\t<\/div>\n\t<div style=\"margin-bottom: 15px;\">\n\t\t<p><span class=\"wpcf7-form-control-wrap\" data-name=\"cdab-usuariobcu-reglamento-accept\"><span class=\"wpcf7-form-control wpcf7-acceptance\"><span class=\"wpcf7-list-item\"><input type=\"checkbox\" name=\"cdab-usuariobcu-reglamento-accept\" value=\"1\" class=\"cdab-usuariobcu-reglamento-accept\" aria-invalid=\"false\" \/><\/span><\/span><\/span> Declaro <strong>conocer el <a href=\"http:\/\/www.arte.unicen.edu.ar\/cdab\/institucional\/reglamento\" target=\"_blank\" style=\"color: #855691!important;\">Reglamento del Centro de Documentaci\u00f3n Audiovisual y Biblioteca (CDAB)<\/a>.<\/strong>\n\t\t<\/p>\n\t<\/div>\n\t<div align=\"center\">\n\t\t<p><input class=\"wpcf7-form-control wpcf7-submit has-spinner\" id=\"cdabcontact-submit\" type=\"submit\" value=\"Enviar renovaci\u00f3n\" \/>\n\t\t<\/p>\n\t<\/div>\n<\/div>\n<p><span data-id=\"cdab-usuariobcu-notengousuario\" data-orig_data_id=\"cdab-usuariobcu-notengousuario\" data-clear_on_hide class=\"\" data-class=\"wpcf7cf_group\"><br \/>\nPara <strong>crear un usuario nuevo<\/strong> en nuestro sistema, te invitamos a completar el formulario ubicado en: <a href=\"https:\/\/www.arte.unicen.edu.ar\/cdab\/usuarios\" target=\"_blank\">www.arte.unicen.edu.ar\/cdab\/usuarios<\/a><br \/>\n<\/span>\n<\/p><div class=\"wpcf7-response-output\" aria-hidden=\"true\"><\/div>\n<\/form>\n<\/div>\n\n","protected":false},"excerpt":{"rendered":"<p>Para continuar accediendo a los servicios que brinda el CDAB, todos los a\u00f1os deb\u00e9s renovar tu usuario. Es sencillo y s\u00f3lo te tomar\u00e1 un minuto:<\/p>\n","protected":false},"author":1,"featured_media":0,"parent":0,"menu_order":0,"comment_status":"closed","ping_status":"closed","template":"","meta":{"_acf_changed":false,"footnotes":""},"class_list":["post-32380","page","type-page","status-publish","hentry"],"acf":[],"_links":{"self":[{"href":"https:\/\/www.arte.unicen.edu.ar\/cdab\/wp-json\/wp\/v2\/pages\/32380","targetHints":{"allow":["GET"]}}],"collection":[{"href":"https:\/\/www.arte.unicen.edu.ar\/cdab\/wp-json\/wp\/v2\/pages"}],"about":[{"href":"https:\/\/www.arte.unicen.edu.ar\/cdab\/wp-json\/wp\/v2\/types\/page"}],"author":[{"embeddable":true,"href":"https:\/\/www.arte.unicen.edu.ar\/cdab\/wp-json\/wp\/v2\/users\/1"}],"replies":[{"embeddable":true,"href":"https:\/\/www.arte.unicen.edu.ar\/cdab\/wp-json\/wp\/v2\/comments?post=32380"}],"version-history":[{"count":2,"href":"https:\/\/www.arte.unicen.edu.ar\/cdab\/wp-json\/wp\/v2\/pages\/32380\/revisions"}],"predecessor-version":[{"id":32449,"href":"https:\/\/www.arte.unicen.edu.ar\/cdab\/wp-json\/wp\/v2\/pages\/32380\/revisions\/32449"}],"wp:attachment":[{"href":"https:\/\/www.arte.unicen.edu.ar\/cdab\/wp-json\/wp\/v2\/media?parent=32380"}],"curies":[{"name":"wp","href":"https:\/\/api.w.org\/{rel}","templated":true}]}}