{"id":17731,"date":"2021-03-04T13:25:04","date_gmt":"2021-03-04T16:25:04","guid":{"rendered":"http:\/\/www.arte.unicen.edu.ar\/cdab\/?page_id=17731"},"modified":"2024-02-21T12:49:46","modified_gmt":"2024-02-21T15:49:46","slug":"arte-y-genero","status":"publish","type":"page","link":"https:\/\/www.arte.unicen.edu.ar\/cdab\/institucional\/arte-y-genero\/","title":{"rendered":"Arte y G\u00e9nero"},"content":{"rendered":"\n<p><img decoding=\"async\" class=\"cdab-logoacercade\" title=\"CDAB | Centro de Documentaci\u00f3n Audiovisual y Biblioteca de la Facultad de Arte\" src=\"\/cdab\/wp-content\/themes\/cdab\/images\/space.gif\" alt=\"CDAB | Centro de Documentaci\u00f3n Audiovisual y Biblioteca de la Facultad de Arte\"\/>En el <strong>Centro de Documentaci\u00f3n Audiovisual y Biblioteca (CDAB)<\/strong> de la <a rel=\"noreferrer noopener\" aria-label=\"Facultad de Arte\" href=\"http:\/\/www.arte.unicen.edu.ar\" target=\"_blank\">Facultad de Arte<\/a> estamos comprometidos con el trato equitativo entre g\u00e9neros y el reconocimiendo y respeto por la diversidad. Por ello, hemos implementado el lenguaje inclusivo en nuestro sitio web (<a href=\"http:\/\/www.arte.unicen.edu.ar\/cdab\/wp-content\/uploads\/2021\/03\/res-lenguaje-inclusivo.pdf\" target=\"_blank\" rel=\"noopener noreferrer\">Res. CA 214\/19<\/a>) y en diciembre de 2019 creamos la secci\u00f3n <strong>Arte y G\u00e9nero<\/strong> en nuestra \u00e1rea de biblioteca a partir de una donaci\u00f3n efectuada por el <a rel=\"noreferrer noopener\" aria-label=\"Programa Arte y Derechos\" href=\"http:\/\/www.arte.unicen.edu.ar\/arteyderechos\/\" target=\"_blank\">Programa Institucional Arte y Derechos<\/a>.<\/p><p>En 2021 este fondo bibliogr\u00e1fico se acrecent\u00f3 a partir de nuevas donaciones y una importante adquisici\u00f3n por parte de la <a href=\"http:\/\/www.arte.unicen.edu.ar\/secretarias\/investigacion-posgrado\" target=\"_blank\" rel=\"noopener noreferrer\">Secretar\u00eda de Investigaci\u00f3n y Posgrado<\/a>. Desde el 8 de marzo de 2022 presentamos la <strong style=\"color: #855691;\">Semana violeta<\/strong>, una propuesta anual para continuar reflexionando acerca de problem\u00e1ticas sociales tan relevantes como la promoci\u00f3n de relaciones libres de todo tipo de violencia, que tiendan al di\u00e1logo y la inclusi\u00f3n como mecanismo de reconocimiento de identidades.<\/p>\n\n\n\n<div id=\"sin-fancybox\" style=\"margin: 25px auto 45px; text-align: center; padding-top: 15px; display: block; clear: both;\"><a href=\"\/cdab\/clibros\/arte-genero\" target=\"_blank\" rel=\"noopener noreferrer\"><img decoding=\"async\" class=\"publicacion-tapa\" src=\"\/cdab\/wp-content\/uploads\/2022\/03\/cdab-artegenero-button.jpg\" data-fancybox=\"gallery\" data-caption=\"Arte y G\u00e9nero\"\/><\/a><\/div>\n\n\n\n<div class=\"cdab-especial-covid19-card\"><div class=\"cdab-especial-covid19-card-icon teatro\"><i class=\"fa fa-check\" aria-hidden=\"true\" style=\"margin-left: 3px;\"><\/i><\/div><div class=\"cdab-especial-covid19-card-title teatro\">COMPROMISO CDAB<\/div>\n<p>Algunas de las actividades y acciones emprendidas por la <strong>Secretar\u00eda de Investigaci\u00f3n y Posgrado<\/strong> y el <strong>Centro de Documentaci\u00f3n Audiovisual y Biblioteca (CDAB)<\/strong>:<\/p>\n<ul style=\"margin-left: 70px; margin-right: 20px;\"><li><a rel=\"noreferrer noopener\" aria-label=\"En adhesi\u00f3n al 8M, el CDAB presenta una nueva edici\u00f3n de la 'Semana violeta'\" href=\"https:\/\/www.arte.unicen.edu.ar\/cdab\/8m-cdab-presenta-una-nueva-edicion-semana-violeta\" target=\"_blank\">En adhesi\u00f3n al 8M, el CDAB presenta una nueva edici\u00f3n de la &#8220;Semana violeta&#8221;<\/a><\/li><li><a rel=\"noreferrer noopener\" aria-label=\"Con motivo del 8M, del lunes 7 al martes 15 de marzo el CDAB presenta la 'Semana violeta'\" href=\"http:\/\/www.arte.unicen.edu.ar\/cdab\/con-motivo-del-8m-cdab-presenta-la-semana-violeta\" target=\"_blank\">Con motivo del 8M, del lunes 7 al martes 15 de marzo el CDAB presenta la &#8220;Semana violeta&#8221;<\/a><\/li><li><a rel=\"noreferrer noopener\" aria-label=\"8M 2021: incorporamos m\u00e1s de 30 libros a la secci\u00f3n 'Arte y G\u00e9nero' y habilitamos un nuevo espacio en nuestro sitio web\" href=\"http:\/\/www.arte.unicen.edu.ar\/cdab\/8m-2021-libros-arte-y-genero-espacio-web\" target=\"_blank\">8M 2021: incorporamos m\u00e1s de 30 libros a la secci\u00f3n &#8216;Arte y G\u00e9nero&#8217; y habilitamos un nuevo espacio en nuestro sitio web<\/a><\/li><li><a rel=\"noreferrer noopener\" aria-label=\"'Yo no quiero volverme tan locx' recibe a la Colectiva de Actrices Argentinas para dialogar sobre las luchas de las mujeres y lxs artistas en tiempos de cuarentena\" href=\"http:\/\/www.arte.unicen.edu.ar\/cdab\/ynqvtl-colectiva-actrices-argentinas-dialogar-luchas-mujeres-artistas-cuarentena\" target=\"_blank\">&#8220;Yo no quiero volverme tan locx&#8221; recibe a la Colectiva de Actrices Argentinas para dialogar sobre las luchas de las mujeres y lxs artistas en tiempos de cuarentena<\/a><\/li><li><a rel=\"noreferrer noopener\" aria-label=\"El CDAB crea una nueva secci\u00f3n a partir de la donaci\u00f3n efectuada por el Programa 'Arte y G\u00e9nero' de la Facultad de Arte\" href=\"http:\/\/www.arte.unicen.edu.ar\/cdab\/cdab-crea-arte-y-genero-donacion-programa-arte-genero\" target=\"_blank\">El CDAB crea una nueva secci\u00f3n a partir de la donaci\u00f3n efectuada por el Programa &#8220;Arte y G\u00e9nero&#8221; de la Facultad de Arte<\/a><\/li><li><a href=\"http:\/\/www.arte.unicen.edu.ar\/cdab\/se-encuentra-en-exhibicion-palabras-en-acciones-de-lucha-la-muestra-fotografica-que-inaugura-las-exposiciones-cdab\" target=\"_blank\" rel=\"noreferrer noopener\" aria-label=\"Se encuentra en exhibici\u00f3n 'Palabras en acciones de lucha', la muestra fotogr\u00e1fica que inaugura las exposiciones CDAB\">Se encuentra en exhibici\u00f3n &#8220;Palabras en acciones de lucha&#8221;, la muestra fotogr\u00e1fica que inaugura las exposiciones CDAB<\/a><\/li><\/ul>\n<\/div>\n\n\n\n<div class=\"cdab-especial-covid19-card\" style=\"margin-top: 40px;\"><div class=\"cdab-especial-covid19-card-icon novedades\"><i class=\"fa fa-file-text-o\" aria-hidden=\"true\" style=\"margin-left: 3px;\"><\/i><\/div><div class=\"cdab-especial-covid19-card-title novedades\">LECTURAS RECOMENDADAS<\/div>\n<p><img decoding=\"async\" class=\"cdab-tapa-instidentpoet-index publicacion-tapa\" title=\"Ley Micaela\" src=\"http:\/\/www.arte.unicen.edu.ar\/cdab\/wp-content\/uploads\/2021\/03\/leymicaela-tapa.jpg\" alt=\"Ley Micaela (Ley 27.499)\" style=\"width: 230px; height: 327px; float: right; border: 10px solid #fff; box-shadow: 0 0 5px rgba(0, 0, 0, 0.1); -webkit-box-shadow: 0 0 5px rgba(0, 0, 0, 0.1); -moz-box-shadow: 0 0 5px rgba(0, 0, 0, 0.1); display: block; margin: 0px 0px 22px 22px;\"\/><\/p><h3 class=\"cdab-especial-card\">Ley Micaela (Ley 27.499)<\/h3><p>Esta ley lleva el nombre de una <strong>v\u00edctima de femicidio<\/strong>, <strong>Micaela Garc\u00eda<\/strong>, de 21 a\u00f1os de edad, militante del movimiento Evita y tambi\u00e9n del movimiento &#8220;Ni Una Menos&#8221;. El femicidio fue perpetrado por una persona condenada con una pena de prisi\u00f3n perpetua por la violaci\u00f3n de dos mujeres, ocurrido anteriormente a la violaci\u00f3n seguida de femicidio de Micaela, mientras que se encontraba con el beneficio de libertad condicional.<\/p>\n<p>La conmoci\u00f3n social del hecho y la violencia institucional que devel\u00f3, en el marco de las movilizaciones del &#8220;Ni una menos&#8221; y debates emergentes como producto de las luchas sociales y cambios socioculturales, dieron fuerza a demandas hist\u00f3ricas que exig\u00edan reconfiguraciones con fuerte dimensi\u00f3n institucional, que pusieran en primer plano la necesidad de <strong>capacitaci\u00f3n en perspectiva de g\u00e9nero<\/strong> a los organismos p\u00fablicos y a todas, todes y todos lxs agentes que lo conforman en sus distintos niveles y jerarqu\u00edas.<\/p>\n<p>La Ley se promulg\u00f3 el 10 de enero de 2019. Establece la capacitaci\u00f3n obligatoria en g\u00e9nero y violencia de g\u00e9nero para todas las personas que se desempe\u00f1an en la funci\u00f3n p\u00fablica. <strong>Busca transmitir herramientas y (de)construir sentidos comunes, que cuestionen la desigualdad y la discriminaci\u00f3n, y transformen las pr\u00e1cticas concretas de cada cosa que hacemos<\/strong>.<\/p>\n<div class=\"container-newsbutton\">\n<a class=\"cdab-newsbuttonlink\" href=\"https:\/\/www.argentina.gob.ar\/sites\/default\/files\/contenidos_minimos_ley_micaela.pdf\" target=\"_blank\" rel=\"noopener noreferrer\"><div class=\"cdab-pdf-newsbutton\">Contenidos m\u00ednimos Ley Micaela (Ley 27.499)<\/div><\/a><br \/><a class=\"cdab-newsbuttonlink\" href=\"https:\/\/www.argentina.gob.ar\/sites\/default\/files\/claves_para_el_traslado_de_contenidos_en_la_practica.pdf\" target=\"_blank\" rel=\"noopener noreferrer\"><div class=\"cdab-pdf-newsbutton\">Claves para el traslado de contenidos a la pr\u00e1ctica<\/div><\/a>\n<\/div>\n<hr style=\"margin-bottom: 25px;\"\/>\n<p><img decoding=\"async\" class=\"cdab-tapa-instidentpoet-index publicacion-tapa\" title=\"(Re)Nombrar: Gu\u00eda para una comunicaci\u00f3n con perspectiva de g\u00e9nero\" src=\"http:\/\/www.arte.unicen.edu.ar\/cdab\/wp-content\/uploads\/2021\/03\/renombrar-comunicacion-genero-tapa.jpg\" alt=\"(Re)Nombrar: Gu\u00eda para una comunicaci\u00f3n con perspectiva de g\u00e9nero\" style=\"width: 230px; height: 327px; float: right; border: 10px solid #fff; box-shadow: 0 0 5px rgba(0, 0, 0, 0.1); -webkit-box-shadow: 0 0 5px rgba(0, 0, 0, 0.1); -moz-box-shadow: 0 0 5px rgba(0, 0, 0, 0.1); display: block; margin: 0px 0px 22px 22px;\"\/><\/p><h3 class=\"cdab-especial-card\">(Re)Nombrar: Gu\u00eda para una comunicaci\u00f3n con perspectiva de g\u00e9nero<\/h3><p>El <a rel=\"noreferrer noopener\" aria-label=\"Ministerio de las Mujeres, G\u00e9neros y Diversidad\" href=\"https:\/\/www.argentina.gob.ar\/generos\" target=\"_blank\">Ministerio de las Mujeres, G\u00e9neros y Diversidad<\/a> presenta <strong>(Re)Nombrar: Gu\u00eda para una comunicaci\u00f3n con perspectiva de g\u00e9nero<\/strong>. Porque todo lo que no nombramos o nombramos de manera poco inclusiva, queda fuera de nuestras enunciaciones y, por lo tanto, <strong>se vuelve invisible<\/strong>.<\/p>\n<p>Promover el uso del lenguaje inclusivo supone un proceso de aprendizaje y, sobre todo, de des-aprendizaje  para dejar atr\u00e1s paradigmas que guiaron nuestras formas de nombrar e interpretar el mundo y avanzar en otras. En eses camino, nos convoca repensar el rol que el discurso y las palabras tienen en el camino hacia la igualdad.<\/p>\n<div class=\"container-newsbutton\">\n<a class=\"cdab-newsbuttonlink\" href=\"http:\/\/www.arte.unicen.edu.ar\/cdab\/wp-content\/uploads\/2021\/03\/renombrar-guia-comunicacion-genero.pdf\" target=\"_blank\" rel=\"noopener noreferrer\"><div class=\"cdab-pdf-newsbutton\">(Re)Nombrar: Gu\u00eda para una comunicaci\u00f3n con perspectiva de g\u00e9nero<\/div><\/a>\n<\/div>\n<p>Desde el <strong>Centro de Documentaci\u00f3n Audiovisual y Biblioteca (CDAB)<\/strong> hemos adoptado el lenguaje inclusivo en nuestro sitio web (<a rel=\"noreferrer noopener\" aria-label=\"Res. CA 214\/19\" href=\"http:\/\/www.arte.unicen.edu.ar\/cdab\/wp-content\/uploads\/2021\/03\/res-lenguaje-inclusivo.pdf\" target=\"_blank\">Res. CA 214\/19<\/a>) y seguiremos trabajando para promover la igualdad desde la escritura y la oralidad en todas nuestras comunicaciones.<\/p>\n<hr style=\"margin-bottom: 25px;\"\/>\n<p><img decoding=\"async\" class=\"cdab-tapa-instidentpoet-index publicacion-tapa\" title=\"Protocolo de actuaci\u00f3n ante situaciones de violencia de g\u00e9nero y discriminaci\u00f3n por cuestiones de g\u00e9nero\" src=\"http:\/\/www.arte.unicen.edu.ar\/cdab\/wp-content\/uploads\/2021\/03\/protocolo-genero-unicen-tapa.jpg\" alt=\"Protocolo de actuaci\u00f3n ante situaciones de violencia de g\u00e9nero y discriminaci\u00f3n por cuestiones de g\u00e9nero\" style=\"width: 230px; height: 327px; float: right; border: 10px solid #fff; box-shadow: 0 0 5px rgba(0, 0, 0, 0.1); -webkit-box-shadow: 0 0 5px rgba(0, 0, 0, 0.1); -moz-box-shadow: 0 0 5px rgba(0, 0, 0, 0.1); display: block; margin: 0px 0px 22px 22px;\"\/><\/p><h3 class=\"cdab-especial-card\">Protocolo de actuaci\u00f3n ante situaciones de violencia de g\u00e9nero y discriminaci\u00f3n por cuestiones de g\u00e9nero (Ord. CS 4589\/16)<\/h3><p>El Protocolo de actuaci\u00f3n ante situaciones de violencia de g\u00e9nero y discriminaci\u00f3n por cuestiones de g\u00e9nero fue aprobado en la reuni\u00f3n plenaria de Consejeros y Consejeras Superiores de la <a href=\"http:\/\/www.unicen.edu.ar\" target=\"_blank\" rel=\"noopener noreferrer\">Universidad Nacional del Centro de la Provincia de Buenos Aires<\/a> con fecha 25 de noviembre de 2016 mediante la Ordenanza Nro. 4589.<\/p>\n<p>Se trata de un instrumento administrativo-legal que posibilita estandarizar al interior de nuestra casa de estudios procedimientos de intervenci\u00f3n (sociales y legales) para garantizar un tratamiento integral y adecuado en torno de los casos que se presenten en la <a href=\"http:\/\/www.unicen.edu.ar\" target=\"_blank\" rel=\"noopener noreferrer\">UNICEN<\/a>.<\/p>\n<div class=\"container-newsbutton\">\n<a class=\"cdab-newsbuttonlink\" href=\"http:\/\/www.arte.unicen.edu.ar\/cdab\/wp-content\/uploads\/2021\/03\/protocolo-genero-unicen.pdf\" target=\"_blank\" rel=\"noopener noreferrer\"><div class=\"cdab-pdf-newsbutton\">Protocolo de actuaci\u00f3n ante violencia de g\u00e9nero y discriminaci\u00f3n por cuestiones de g\u00e9nero<\/div><\/a><br \/><a class=\"cdab-newsbuttonlink\" href=\"http:\/\/www.arte.unicen.edu.ar\/cdab\/wp-content\/uploads\/2021\/03\/programa-abordaje-violencia-genero-unicen.pdf\" target=\"_blank\" rel=\"noopener noreferrer\"><div class=\"cdab-pdf-newsbutton\">Programa de abordaje integral contra la violencia y discriminaci\u00f3n por razones de g\u00e9nero<\/div><\/a><\/div>\n<hr style=\"margin-bottom: 25px;\"\/>\n<p><img decoding=\"async\" class=\"cdab-tapa-instidentpoet-index publicacion-tapa\" title=\"Programa institucional Arte y Derechos\" src=\"http:\/\/www.arte.unicen.edu.ar\/cdab\/wp-content\/uploads\/2021\/03\/arte-derechos-tapa.jpg\" alt=\"Programa institucional Arte y Derechos\" style=\"width: 230px; height: 327px; float: right; border: 10px solid #fff; box-shadow: 0 0 5px rgba(0, 0, 0, 0.1); -webkit-box-shadow: 0 0 5px rgba(0, 0, 0, 0.1); -moz-box-shadow: 0 0 5px rgba(0, 0, 0, 0.1); display: block; margin: 0px 0px 22px 22px;\"\/><\/p><h3 class=\"cdab-especial-card\">Programa institucional Arte y Derechos<\/h3><p>Desde el a\u00f1o 2018, la <a href=\"http:\/\/www.arte.unicen.edu.ar\" target=\"_blank\" rel=\"noopener noreferrer\">Facultad de Arte<\/a> de la <a href=\"http:\/\/www.unicen.edu.ar\" target=\"_blank\" rel=\"noopener noreferrer\">Universidad Nacional del Centro de la Provincia de Buenos Aires<\/a> impulsa espacios de visibilizaci\u00f3n, debate y reflexi\u00f3n sobre situaciones de violencia de g\u00e9nero que se observaban naturalizadas al interior de la instituci\u00f3n. Con la implementaci\u00f3n de la campa\u00f1a comunicacional &#8220;Arte Dice No&#8221; durante el per\u00edodo 2018\/2019 se realiza un primer avance al respecto para luego dar presentaci\u00f3n formal al programa.<\/p>\n<p>Asimismo, se desarrollan otras actividades como: promoci\u00f3n y difusi\u00f3n de las propuestas en medios de comunicaci\u00f3n; participaci\u00f3n en el Curso Introductorio junto al <a href=\"http:\/\/www.genero.unicen.edu.ar\" target=\"_blank\" rel=\"noopener noreferrer\">Programa de G\u00e9nero de la UNICEN<\/a>; realizaci\u00f3n del workshop <em>Mujeres Ocultas. El impacto de una presencia<\/em> a cargo de Patricia Mart\u00ednez Castillo (junio\/julio 2019); creaci\u00f3n de un <a href=\"http:\/\/www.arte.unicen.edu.ar\/arteyderechos\" target=\"_blank\" rel=\"noopener noreferrer\">espacio en la web institucional<\/a> y en la <a href=\"https:\/\/moodle.rec.unicen.edu.ar\/unipedia\/course\/index.php?categoryid=89\" target=\"_blank\" rel=\"noopener noreferrer\">Plataforma de Educaci\u00f3n a Distancia<\/a>; participaci\u00f3n en el evento <em>Artistazo 2019<\/em> y el ciclo <em>Arte Proyecta<\/em>; realizaci\u00f3n de la Jornada <em>Reconectando con el bienestar. Taller pr\u00e1cticas corporales expresivas para el auto cuidado<\/em> a cargo de Gabriela Gonz\u00e1lez; participaci\u00f3n en la <a href=\"http:\/\/www.arte.unicen.edu.ar\/diplomatura-en-arte-para-la-transformacion-social\" target=\"_blank\" rel=\"noopener noreferrer\">Diplomatura en Arte para la Transformaci\u00f3n Social<\/a> a trav\u00e9s del m\u00f3dulo <em>Arte, identidades y g\u00e9nero<\/em> y adquisici\u00f3n de libros sobre Educaci\u00f3n Sexual Integral y digitalizaci\u00f3n de libros brindados por docentes, nodocentes y estudiantes en el <a href=\"http:\/\/www.arte.unicen.edu.ar\/cdab\" target=\"_blank\" rel=\"noopener noreferrer\">CDAB<\/a>.<\/p>\n<div class=\"container-newsbutton\">\n<a class=\"cdab-newsbuttonlink\" href=\"http:\/\/www.arte.unicen.edu.ar\/arteyderechos\" target=\"_blank\" rel=\"noopener noreferrer\"><div class=\"cdab-web-newsbutton\">Programa institucional Arte y Derechos<\/div><\/a><\/div>\n<\/div>\n\n\n\n<div id=\"sin-fancybox\" style=\"margin: 35px auto -25px; text-align: center; padding-top: 15px; display: block; clear: both;\"><strong>M\u00e1s informaci\u00f3n en&#8230;<\/strong><br \/><a href=\"http:\/\/www.genero.unicen.edu.ar\" target=\"_blank\" rel=\"noopener noreferrer\"><img decoding=\"async\" class=\"publicacion-tapa cdab-artegenero-logogenerounicen\" src=\"\/cdab\/wp-content\/themes\/cdab\/images\/space.gif\" data-fancybox=\"gallery\" data-caption=\"Arte y G\u00e9nero\"\/><\/a><a href=\"http:\/\/www.arte.unicen.edu.ar\/arteyderechos\" target=\"_blank\" style=\"margin-left: 50px;\" rel=\"noopener noreferrer\"><img decoding=\"async\" class=\"publicacion-tapa cdab-artegenero-logoartederechos\" src=\"\/cdab\/wp-content\/themes\/cdab\/images\/space.gif\" data-fancybox=\"gallery\" data-caption=\"Arte y G\u00e9nero\"\/><\/a><\/div>\n","protected":false},"excerpt":{"rendered":"<p>En el Centro de Documentaci\u00f3n Audiovisual y Biblioteca (CDAB) de la Facultad de Arte estamos comprometidos con el trato equitativo entre g\u00e9neros y el reconocimiendo y respeto por la diversidad. Por ello, hemos implementado el lenguaje inclusivo en nuestro sitio web (Res. CA 214\/19) y en diciembre de 2019 creamos la secci\u00f3n Arte y G\u00e9nero en nuestra \u00e1rea de biblioteca [&hellip;]<\/p>\n","protected":false},"author":1,"featured_media":0,"parent":5,"menu_order":0,"comment_status":"closed","ping_status":"closed","template":"","meta":{"_acf_changed":false,"footnotes":""},"class_list":["post-17731","page","type-page","status-publish","hentry"],"acf":[],"_links":{"self":[{"href":"https:\/\/www.arte.unicen.edu.ar\/cdab\/wp-json\/wp\/v2\/pages\/17731","targetHints":{"allow":["GET"]}}],"collection":[{"href":"https:\/\/www.arte.unicen.edu.ar\/cdab\/wp-json\/wp\/v2\/pages"}],"about":[{"href":"https:\/\/www.arte.unicen.edu.ar\/cdab\/wp-json\/wp\/v2\/types\/page"}],"author":[{"embeddable":true,"href":"https:\/\/www.arte.unicen.edu.ar\/cdab\/wp-json\/wp\/v2\/users\/1"}],"replies":[{"embeddable":true,"href":"https:\/\/www.arte.unicen.edu.ar\/cdab\/wp-json\/wp\/v2\/comments?post=17731"}],"version-history":[{"count":2,"href":"https:\/\/www.arte.unicen.edu.ar\/cdab\/wp-json\/wp\/v2\/pages\/17731\/revisions"}],"predecessor-version":[{"id":30286,"href":"https:\/\/www.arte.unicen.edu.ar\/cdab\/wp-json\/wp\/v2\/pages\/17731\/revisions\/30286"}],"up":[{"embeddable":true,"href":"https:\/\/www.arte.unicen.edu.ar\/cdab\/wp-json\/wp\/v2\/pages\/5"}],"wp:attachment":[{"href":"https:\/\/www.arte.unicen.edu.ar\/cdab\/wp-json\/wp\/v2\/media?parent=17731"}],"curies":[{"name":"wp","href":"https:\/\/api.w.org\/{rel}","templated":true}]}}