{"id":17704,"date":"2021-03-03T11:26:30","date_gmt":"2021-03-03T14:26:30","guid":{"rendered":"http:\/\/www.arte.unicen.edu.ar\/cdab\/?page_id=17704"},"modified":"2024-10-09T11:35:13","modified_gmt":"2024-10-09T14:35:13","slug":"renovaciones","status":"publish","type":"page","link":"https:\/\/www.arte.unicen.edu.ar\/cdab\/renovaciones\/","title":{"rendered":"Renovaci\u00f3n de pr\u00e9stamos"},"content":{"rendered":"\n<p>Mediante el siguiente formulario pod\u00e9s efectuar <strong>renovaciones de materiales entregados en car\u00e1cter de pr\u00e9stamo<\/strong> por el <strong>CDAB<\/strong>:<\/p>\n\n\n\n\n<div class=\"wpcf7 no-js\" id=\"wpcf7-f17708-o1\" lang=\"es-AR\" dir=\"ltr\" data-wpcf7-id=\"17708\">\n<div class=\"screen-reader-response\"><p role=\"status\" aria-live=\"polite\" aria-atomic=\"true\"><\/p> <\/div>\n<form action=\"\/cdab\/wp-json\/wp\/v2\/pages\/17704#wpcf7-f17708-o1\" method=\"post\" class=\"wpcf7-form init\" aria-label=\"Contact form\" novalidate=\"novalidate\" data-status=\"init\">\n<fieldset class=\"hidden-fields-container\"><input type=\"hidden\" name=\"_wpcf7\" value=\"17708\" \/><input type=\"hidden\" name=\"_wpcf7_version\" value=\"6.1.3\" \/><input type=\"hidden\" name=\"_wpcf7_locale\" value=\"es_AR\" \/><input type=\"hidden\" name=\"_wpcf7_unit_tag\" value=\"wpcf7-f17708-o1\" \/><input type=\"hidden\" name=\"_wpcf7_container_post\" value=\"0\" \/><input type=\"hidden\" name=\"_wpcf7_posted_data_hash\" value=\"\" \/><input type=\"hidden\" name=\"_wpcf7cf_hidden_group_fields\" value=\"[]\" \/><input type=\"hidden\" name=\"_wpcf7cf_hidden_groups\" value=\"[]\" \/><input type=\"hidden\" name=\"_wpcf7cf_visible_groups\" value=\"[]\" \/><input type=\"hidden\" name=\"_wpcf7cf_repeaters\" value=\"[]\" \/><input type=\"hidden\" name=\"_wpcf7cf_steps\" value=\"{}\" \/><input type=\"hidden\" name=\"_wpcf7cf_options\" value=\"{&quot;form_id&quot;:17708,&quot;conditions&quot;:[{&quot;then_field&quot;:&quot;cdab-renovacion-carrera&quot;,&quot;and_rules&quot;:[{&quot;if_field&quot;:&quot;cdab-renovacion-claustro&quot;,&quot;operator&quot;:&quot;equals&quot;,&quot;if_value&quot;:&quot;Estudiantes&quot;}]},{&quot;then_field&quot;:&quot;cdab-renovacion-nucleo&quot;,&quot;and_rules&quot;:[{&quot;if_field&quot;:&quot;cdab-renovacion-claustro&quot;,&quot;operator&quot;:&quot;equals&quot;,&quot;if_value&quot;:&quot;Investigadorxs&quot;}]},{&quot;then_field&quot;:&quot;cdab-renovacion-carrera&quot;,&quot;and_rules&quot;:[{&quot;if_field&quot;:&quot;cdab-renovacion-claustro&quot;,&quot;operator&quot;:&quot;equals&quot;,&quot;if_value&quot;:&quot;Graduadxs&quot;}]},{&quot;then_field&quot;:&quot;cdab-renovacion-carrera&quot;,&quot;and_rules&quot;:[{&quot;if_field&quot;:&quot;cdab-renovacion-claustro&quot;,&quot;operator&quot;:&quot;equals&quot;,&quot;if_value&quot;:&quot;Docentes&quot;}]}],&quot;settings&quot;:{&quot;animation&quot;:&quot;yes&quot;,&quot;animation_intime&quot;:&quot;200&quot;,&quot;animation_outtime&quot;:&quot;200&quot;,&quot;conditions_ui&quot;:&quot;normal&quot;,&quot;notice_dismissed&quot;:true}}\" \/>\n<\/fieldset>\n<h3>Datos personales\n<\/h3>\n<div class=\"icon\">\n\t<p><span class=\"wpcf7-form-control-wrap\" data-name=\"cdab-renovacion-nombre\"><input size=\"40\" maxlength=\"400\" class=\"wpcf7-form-control wpcf7-text wpcf7-validates-as-required cdab-renovacion-nombre\" aria-required=\"true\" aria-invalid=\"false\" placeholder=\"Nombre y Apellido\" value=\"\" type=\"text\" name=\"cdab-renovacion-nombre\" \/><\/span>\n\t<\/p>\n<\/div>\n<div class=\"icon\">\n\t<p><span class=\"wpcf7-form-control-wrap\" data-name=\"cdab-renovacion-dni\"><input size=\"40\" maxlength=\"8\" minlength=\"7\" class=\"wpcf7-form-control wpcf7-text wpcf7-validates-as-required cdab-renovacion-dni\" aria-required=\"true\" aria-invalid=\"false\" placeholder=\"DNI (sin puntos ni espacios)\" value=\"\" type=\"text\" name=\"cdab-renovacion-dni\" \/><\/span>\n\t<\/p>\n<\/div>\n<div class=\"icon\">\n\t<p><span class=\"wpcf7-form-control-wrap\" data-name=\"cdab-renovacion-email\"><input size=\"40\" maxlength=\"400\" class=\"wpcf7-form-control wpcf7-email wpcf7-validates-as-required wpcf7-text wpcf7-validates-as-email cdab-renovacion-email\" aria-required=\"true\" aria-invalid=\"false\" placeholder=\"Correo electr\u00f3nico\" value=\"\" type=\"email\" name=\"cdab-renovacion-email\" \/><\/span>\n\t<\/p>\n<\/div>\n<div class=\"icon\">\n\t<p><span class=\"wpcf7-form-control-wrap\" data-name=\"cdab-renovacion-telefono\"><input size=\"40\" maxlength=\"25\" minlength=\"9\" class=\"wpcf7-form-control wpcf7-tel wpcf7-validates-as-required wpcf7-text wpcf7-validates-as-tel cdab-renovacion-telefono\" aria-required=\"true\" aria-invalid=\"false\" placeholder=\"Tel\u00e9fono\" value=\"\" type=\"tel\" name=\"cdab-renovacion-telefono\" \/><\/span>\n\t<\/p>\n<\/div>\n<h3 style=\"margin-top: 40px;\">Informaci\u00f3n acad\u00e9mica\n<\/h3>\n<p>Seleccione el claustro del que forma parte:\n<\/p>\n<p><span class=\"wpcf7-form-control-wrap\" data-name=\"cdab-renovacion-claustro\"><select class=\"wpcf7-form-control wpcf7-select wpcf7-validates-as-required cdab-renovacion-claustro\" aria-required=\"true\" aria-invalid=\"false\" name=\"cdab-renovacion-claustro\"><option value=\"\">&#8212;Please choose an option&#8212;<\/option><option value=\"Estudiantes\">Estudiantes<\/option><option value=\"Graduadxs\">Graduadxs<\/option><option value=\"Investigadorxs\">Investigadorxs<\/option><option value=\"Docentes\">Docentes<\/option><option value=\"No docentes\">No docentes<\/option><\/select><\/span>\n<\/p>\n<p><span data-id=\"cdab-renovacion-carrera\" data-orig_data_id=\"cdab-renovacion-carrera\" data-clear_on_hide class=\"\" data-class=\"wpcf7cf_group\"><br \/>\nSeleccione la carrera:<br \/>\n<span class=\"wpcf7-form-control-wrap\" data-name=\"cdab-renovacion-carrera\"><select class=\"wpcf7-form-control wpcf7-select wpcf7-validates-as-required cdab-renovacion-carrera\" aria-required=\"true\" aria-invalid=\"false\" name=\"cdab-renovacion-carrera\"><option value=\"\">&#8212;Please choose an option&#8212;<\/option><option value=\"Profesorado\/Licenciado en Teatro\">Profesorado\/Licenciado en Teatro<\/option><option value=\"Realizaci\u00f3n Integral en Artes Audiovisuales\">Realizaci\u00f3n Integral en Artes Audiovisuales<\/option><option value=\"Diplomatura Universitaria en Arte y Tecnolog\u00eda (DATe)\">Diplomatura Universitaria en Arte y Tecnolog\u00eda (DATe)<\/option><option value=\"Diplomatura Universitaria en Arte para la Transformaci\u00f3n Social\">Diplomatura Universitaria en Arte para la Transformaci\u00f3n Social<\/option><option value=\"Diplomatura Universitaria en Est\u00e9ticas Contempor\u00e1neas (DEC)\">Diplomatura Universitaria en Est\u00e9ticas Contempor\u00e1neas (DEC)<\/option><option value=\"Maestr\u00eda en Teatro - Menci\u00f3n Direcci\u00f3n Esc\u00e9nica \/ Dise\u00f1o Esc\u00e9nico \/ Actuaci\u00f3n\">Maestr\u00eda en Teatro - Menci\u00f3n Direcci\u00f3n Esc\u00e9nica \/ Dise\u00f1o Esc\u00e9nico \/ Actuaci\u00f3n<\/option><option value=\"Maestr\u00eda en Arte y Sociedad en Latinoam\u00e9rica\">Maestr\u00eda en Arte y Sociedad en Latinoam\u00e9rica<\/option><\/select><\/span><\/span>\n<\/p>\n<p><span data-id=\"cdab-renovacion-nucleo\" data-orig_data_id=\"cdab-renovacion-nucleo\" data-clear_on_hide class=\"\" data-class=\"wpcf7cf_group\"><br \/>\nSeleccione el n\u00facleo en el que investiga:<br \/>\n<span class=\"wpcf7-form-control-wrap\" data-name=\"cdab-renovacion-nucleo\"><select class=\"wpcf7-form-control wpcf7-select wpcf7-validates-as-required cdab-renovacion-nucleo\" aria-required=\"true\" aria-invalid=\"false\" name=\"cdab-renovacion-nucleo\"><option value=\"\">&#8212;Please choose an option&#8212;<\/option><option value=\"Centro de Investigaciones Dram\u00e1ticas (CID)\">Centro de Investigaciones Dram\u00e1ticas (CID)<\/option><option value=\"Grupo de Investigaci\u00f3n a trav\u00e9s de la Pr\u00e1ctica Art\u00edstica (GIAPA)\">Grupo de Investigaci\u00f3n a trav\u00e9s de la Pr\u00e1ctica Art\u00edstica (GIAPA)<\/option><option value=\"Centro de Estudios de Teatro, Educaci\u00f3n y Consumos Culturales (TECC)\">Centro de Estudios de Teatro, Educaci\u00f3n y Consumos Culturales (TECC)<\/option><\/select><\/span><\/span>\n<\/p>\n<h3 style=\"margin-top: 40px;\">Renovaci\u00f3n de materiales\n<\/h3>\n<p>Para proceder <strong>requerimos, como m\u00ednimo, la renovaci\u00f3n de 1 (un) material<\/strong>. Si quer\u00e9s contactarnos por otro motivo, te invitamos a utilizar el <a href=\"http:\/\/www.arte.unicen.edu.ar\/cdab\/contacto\" target=\"_blank\">formulario de contacto<\/a>.\n<\/p>\n<div class=\"tooltip\">\n\t<p>\u00bfQu\u00e9 es y d\u00f3nde encuentro la signatura?<br \/>\n<span class=\"tooltiptext\"><img loading=\"lazy\" decoding=\"async\" src=\"http:\/\/www.arte.unicen.edu.ar\/cdab\/wp-content\/uploads\/2021\/04\/cdab-muestracodigos.jpg\" alt=\"\" title=\"\" border=\"0\" width=\"125\" height=\"164\" \/><br \/>\nLa signatura es una combinaci\u00f3n alfanum\u00e9rica que identifica al libro (parte inferior del lomo) o a un DVD (en la portada).<\/span>\n\t<\/p>\n<\/div>\n<div style=\"margin: 0px 0px;\">\n\t<p><span class=\"wpcf7-form-control-wrap\" data-name=\"cdab-renovacion-codref1\"><input size=\"40\" maxlength=\"400\" class=\"wpcf7-form-control wpcf7-text wpcf7-validates-as-required cdab-renovacion-codref1\" aria-required=\"true\" aria-invalid=\"false\" placeholder=\"Signatura\" value=\"\" type=\"text\" name=\"cdab-renovacion-codref1\" \/><\/span><span class=\"wpcf7-form-control-wrap\" data-name=\"cdab-renovacion-titulo1\"><input size=\"40\" maxlength=\"400\" class=\"wpcf7-form-control wpcf7-text wpcf7-validates-as-required cdab-renovacion-titulo1\" aria-required=\"true\" aria-invalid=\"false\" placeholder=\"T\u00edtulo del libro \/ obra\" value=\"\" type=\"text\" name=\"cdab-renovacion-titulo1\" \/><\/span><span class=\"wpcf7-form-control-wrap\" data-name=\"cdab-renovacion-autor1\"><input size=\"40\" maxlength=\"400\" class=\"wpcf7-form-control wpcf7-text wpcf7-validates-as-required cdab-renovacion-autor1\" aria-required=\"true\" aria-invalid=\"false\" placeholder=\"Autorxs \/ Director\/a\" value=\"\" type=\"text\" name=\"cdab-renovacion-autor1\" \/><\/span>\n\t<\/p>\n<\/div>\n<div style=\"margin: 20px 0px;\">\n\t<p><span class=\"wpcf7-form-control-wrap\" data-name=\"cdab-renovacion-codref2\"><input size=\"40\" maxlength=\"400\" class=\"wpcf7-form-control wpcf7-text cdab-renovacion-codref2\" aria-invalid=\"false\" placeholder=\"Signatura\" value=\"\" type=\"text\" name=\"cdab-renovacion-codref2\" \/><\/span><span class=\"wpcf7-form-control-wrap\" data-name=\"cdab-renovacion-titulo2\"><input size=\"40\" maxlength=\"400\" class=\"wpcf7-form-control wpcf7-text cdab-renovacion-titulo2\" aria-invalid=\"false\" placeholder=\"T\u00edtulo del libro \/ obra\" value=\"\" type=\"text\" name=\"cdab-renovacion-titulo2\" \/><\/span><span class=\"wpcf7-form-control-wrap\" data-name=\"cdab-renovacion-autor2\"><input size=\"40\" maxlength=\"400\" class=\"wpcf7-form-control wpcf7-text cdab-renovacion-autor2\" aria-invalid=\"false\" placeholder=\"Autorxs \/ Director\/a\" value=\"\" type=\"text\" name=\"cdab-renovacion-autor2\" \/><\/span>\n\t<\/p>\n<\/div>\n<div style=\"margin: 20px 0px;\">\n\t<p><span class=\"wpcf7-form-control-wrap\" data-name=\"cdab-renovacion-codref3\"><input size=\"40\" maxlength=\"400\" class=\"wpcf7-form-control wpcf7-text cdab-renovacion-codref3\" aria-invalid=\"false\" placeholder=\"Signatura\" value=\"\" type=\"text\" name=\"cdab-renovacion-codref3\" \/><\/span><span class=\"wpcf7-form-control-wrap\" data-name=\"cdab-renovacion-titulo3\"><input size=\"40\" maxlength=\"400\" class=\"wpcf7-form-control wpcf7-text cdab-renovacion-titulo3\" aria-invalid=\"false\" placeholder=\"T\u00edtulo del libro \/ obra\" value=\"\" type=\"text\" name=\"cdab-renovacion-titulo3\" \/><\/span><span class=\"wpcf7-form-control-wrap\" data-name=\"cdab-renovacion-autor3\"><input size=\"40\" maxlength=\"400\" class=\"wpcf7-form-control wpcf7-text cdab-renovacion-autor3\" aria-invalid=\"false\" placeholder=\"Autorxs \/ Director\/a\" value=\"\" type=\"text\" name=\"cdab-renovacion-autor3\" \/><\/span>\n\t<\/p>\n<\/div>\n<div style=\"margin: 20px 0px;\">\n\t<p><span class=\"wpcf7-form-control-wrap\" data-name=\"cdab-renovacion-codref4\"><input size=\"40\" maxlength=\"400\" class=\"wpcf7-form-control wpcf7-text cdab-renovacion-codref4\" aria-invalid=\"false\" placeholder=\"Signatura\" value=\"\" type=\"text\" name=\"cdab-renovacion-codref4\" \/><\/span><span class=\"wpcf7-form-control-wrap\" data-name=\"cdab-renovacion-titulo4\"><input size=\"40\" maxlength=\"400\" class=\"wpcf7-form-control wpcf7-text cdab-renovacion-titulo4\" aria-invalid=\"false\" placeholder=\"T\u00edtulo del libro \/ obra\" value=\"\" type=\"text\" name=\"cdab-renovacion-titulo4\" \/><\/span><span class=\"wpcf7-form-control-wrap\" data-name=\"cdab-renovacion-autor4\"><input size=\"40\" maxlength=\"400\" class=\"wpcf7-form-control wpcf7-text cdab-renovacion-autor4\" aria-invalid=\"false\" placeholder=\"Autorxs \/ Director\/a\" value=\"\" type=\"text\" name=\"cdab-renovacion-autor4\" \/><\/span>\n\t<\/p>\n<\/div>\n<div class=\"icon\" style=\"margin: 45px 0px;\">\n\t<p><span class=\"wpcf7-form-control-wrap\" data-name=\"cdab-renovacion-observacion\"><textarea cols=\"40\" rows=\"10\" maxlength=\"2000\" class=\"wpcf7-form-control wpcf7-textarea cdab-renovacion-observacion\" aria-invalid=\"false\" placeholder=\"Observaciones y comentarios adicionales...\" name=\"cdab-renovacion-observacion\"><\/textarea><\/span>\n\t<\/p>\n<\/div>\n<div style=\"margin-bottom: 15px;\">\n\t<p><span class=\"wpcf7-form-control-wrap\" data-name=\"cdab-reglamento-accept\"><span class=\"wpcf7-form-control wpcf7-acceptance\"><span class=\"wpcf7-list-item\"><input type=\"checkbox\" name=\"cdab-reglamento-accept\" value=\"1\" class=\"cdab-reglamento-accept\" aria-invalid=\"false\" \/><\/span><\/span><\/span><strong>Declaro conocer el <a href=\"http:\/\/www.arte.unicen.edu.ar\/cdab\/institucional\/reglamento\" target=\"_blank\" style=\"color: #855691!important;\">Reglamento del Centro de Documentaci\u00f3n Audiovisual y Biblioteca (CDAB)<\/a>.<\/strong>\n\t<\/p>\n<\/div>\n<div align=\"center\">\n\t<p><input class=\"wpcf7-form-control wpcf7-submit has-spinner\" id=\"cdabcontact-submit\" type=\"submit\" value=\"Enviar mensaje\" \/>\n\t<\/p>\n<\/div><div class=\"wpcf7-response-output\" aria-hidden=\"true\"><\/div>\n<\/form>\n<\/div>\n\n\n\n\n<hr \/><p>Tambi\u00e9n pod\u00e9s comunicarte con nosotrxs a:<\/p><div align=\"center\"><h2 class=\"sub-alt\">Centro de Documentaci\u00f3n Audiovisual y Biblioteca (CDAB), Facultad de Arte<\/h2> <h3 class=\"sub-alt\">Universidad Nacional del Centro de la Provincia de Buenos Aires<\/h3><p><strong>9 de Julio 430 &#8211; Tandil (B7000AQJ), Buenos Aires, Argentina<\/strong><br \/><strong>Tel. (0249) 438 5800 int. 9301 | <a href=\"mailto:cdab @ arte.unicen.edu.ar\">cdab@arte.unicen.edu.ar<\/a><\/strong><\/p><\/div>\n","protected":false},"excerpt":{"rendered":"<p>Mediante el siguiente formulario pod\u00e9s efectuar renovaciones de materiales entregados en car\u00e1cter de pr\u00e9stamo por el CDAB: Tambi\u00e9n pod\u00e9s comunicarte con nosotrxs a: Centro de Documentaci\u00f3n Audiovisual y Biblioteca (CDAB), Facultad de Arte Universidad Nacional del Centro de la Provincia de Buenos Aires 9 de Julio 430 &#8211; Tandil (B7000AQJ), Buenos Aires, ArgentinaTel. (0249) 438 5800 int. 9301 | cdab@arte.unicen.edu.ar<\/p>\n","protected":false},"author":1,"featured_media":0,"parent":0,"menu_order":0,"comment_status":"closed","ping_status":"closed","template":"","meta":{"_acf_changed":false,"footnotes":""},"class_list":["post-17704","page","type-page","status-publish","hentry"],"acf":[],"_links":{"self":[{"href":"https:\/\/www.arte.unicen.edu.ar\/cdab\/wp-json\/wp\/v2\/pages\/17704","targetHints":{"allow":["GET"]}}],"collection":[{"href":"https:\/\/www.arte.unicen.edu.ar\/cdab\/wp-json\/wp\/v2\/pages"}],"about":[{"href":"https:\/\/www.arte.unicen.edu.ar\/cdab\/wp-json\/wp\/v2\/types\/page"}],"author":[{"embeddable":true,"href":"https:\/\/www.arte.unicen.edu.ar\/cdab\/wp-json\/wp\/v2\/users\/1"}],"replies":[{"embeddable":true,"href":"https:\/\/www.arte.unicen.edu.ar\/cdab\/wp-json\/wp\/v2\/comments?post=17704"}],"version-history":[{"count":2,"href":"https:\/\/www.arte.unicen.edu.ar\/cdab\/wp-json\/wp\/v2\/pages\/17704\/revisions"}],"predecessor-version":[{"id":32382,"href":"https:\/\/www.arte.unicen.edu.ar\/cdab\/wp-json\/wp\/v2\/pages\/17704\/revisions\/32382"}],"wp:attachment":[{"href":"https:\/\/www.arte.unicen.edu.ar\/cdab\/wp-json\/wp\/v2\/media?parent=17704"}],"curies":[{"name":"wp","href":"https:\/\/api.w.org\/{rel}","templated":true}]}}