{"id":17,"date":"2016-12-02T15:18:53","date_gmt":"2016-12-02T18:18:53","guid":{"rendered":"http:\/\/cdab.chilaproducciones.com.ar\/?page_id=17"},"modified":"2025-12-16T09:21:20","modified_gmt":"2025-12-16T12:21:20","slug":"contacto","status":"publish","type":"page","link":"https:\/\/www.arte.unicen.edu.ar\/cdab\/contacto\/","title":{"rendered":"Contacto"},"content":{"rendered":"<p>Mediante el siguiente formulario de contacto pod\u00e9s enviarnos comentarios, consultas y\/o sugerencias sobre procedimientos, materiales disponibles o alg\u00fan otro aspecto de inter\u00e9s. Recibir\u00e1s una respuesta de nuestro personal a la brevedad.<\/p>\n<p style=\"text-align: center;\"><strong>Estamos realizando tareas de mantenimiento en este apartado. Disculpas por las molestias ocasionadas.<\/strong><\/p>\n<hr \/>\n<p>Tambi\u00e9n pod\u00e9s comunicarte con nosotrxs a:<\/p>\n<div align=\"center\">\n<h2 class=\"sub-alt\">Centro de Documentaci\u00f3n Audiovisual y Biblioteca (CDAB), Facultad de Arte<\/h2>\n<h3 class=\"sub-alt\">Universidad Nacional del Centro de la Provincia de Buenos Aires<\/h3>\n<p><strong>9 de Julio 430 &#8211; Tandil (B7000AQJ), Buenos Aires, Argentina<\/strong><br \/>\n<strong>Tel. (0249) 438 5800 int. 9301 | <a href=\"mailto:cdab @ arte.unicen.edu.ar\">cdab@arte.unicen.edu.ar<\/a><\/strong><\/p>\n<\/div>\n","protected":false},"excerpt":{"rendered":"<p>Mediante el siguiente formulario de contacto pod\u00e9s enviarnos comentarios, consultas y\/o sugerencias sobre procedimientos, materiales disponibles o alg\u00fan otro aspecto de inter\u00e9s. Recibir\u00e1s una respuesta de nuestro personal a la brevedad. Estamos realizando tareas de mantenimiento en este apartado. Disculpas por las molestias ocasionadas. Tambi\u00e9n pod\u00e9s comunicarte con nosotrxs a: Centro de Documentaci\u00f3n Audiovisual y Biblioteca (CDAB), Facultad de Arte [&hellip;]<\/p>\n","protected":false},"author":1,"featured_media":0,"parent":0,"menu_order":0,"comment_status":"closed","ping_status":"closed","template":"","meta":{"_acf_changed":false,"footnotes":""},"class_list":["post-17","page","type-page","status-publish","hentry"],"acf":[],"_links":{"self":[{"href":"https:\/\/www.arte.unicen.edu.ar\/cdab\/wp-json\/wp\/v2\/pages\/17","targetHints":{"allow":["GET"]}}],"collection":[{"href":"https:\/\/www.arte.unicen.edu.ar\/cdab\/wp-json\/wp\/v2\/pages"}],"about":[{"href":"https:\/\/www.arte.unicen.edu.ar\/cdab\/wp-json\/wp\/v2\/types\/page"}],"author":[{"embeddable":true,"href":"https:\/\/www.arte.unicen.edu.ar\/cdab\/wp-json\/wp\/v2\/users\/1"}],"replies":[{"embeddable":true,"href":"https:\/\/www.arte.unicen.edu.ar\/cdab\/wp-json\/wp\/v2\/comments?post=17"}],"version-history":[{"count":2,"href":"https:\/\/www.arte.unicen.edu.ar\/cdab\/wp-json\/wp\/v2\/pages\/17\/revisions"}],"predecessor-version":[{"id":35489,"href":"https:\/\/www.arte.unicen.edu.ar\/cdab\/wp-json\/wp\/v2\/pages\/17\/revisions\/35489"}],"wp:attachment":[{"href":"https:\/\/www.arte.unicen.edu.ar\/cdab\/wp-json\/wp\/v2\/media?parent=17"}],"curies":[{"name":"wp","href":"https:\/\/api.w.org\/{rel}","templated":true}]}}