{"id":10,"date":"2016-12-02T15:16:50","date_gmt":"2016-12-02T18:16:50","guid":{"rendered":"http:\/\/cdab.chilaproducciones.com.ar\/?page_id=10"},"modified":"2022-04-13T10:05:42","modified_gmt":"2022-04-13T13:05:42","slug":"quienes-somos","status":"publish","type":"page","link":"https:\/\/www.arte.unicen.edu.ar\/cdab\/institucional\/quienes-somos\/","title":{"rendered":"Quienes somos"},"content":{"rendered":"\n<p><img decoding=\"async\" class=\"cdab-logoacercade\" title=\"CDAB | Centro de Documentaci\u00f3n Audiovisual y Biblioteca de la Facultad de Arte\" src=\"\/cdab\/wp-content\/themes\/cdab\/images\/space.gif\" alt=\"CDAB | Centro de Documentaci\u00f3n Audiovisual y Biblioteca de la Facultad de Arte\"\/>Luego de iniciar sus actividades como <em>Archivo Gr\u00e1fico y Videoteca de Teatro<\/em> en octubre de 2007 (con antecedentes que datan desde la d\u00e9cada del &#8217;90), el 29 de marzo de 2011 se crea el <strong>Centro de Documentaci\u00f3n Audiovisual y Biblioteca (CDAB)<\/strong> de la <a href=\"http:\/\/www.arte.unicen.edu.ar\" target=\"_blank\" rel=\"noopener noreferrer\">Facultad de Arte<\/a> de la <a href=\"http:\/\/www.unicen.edu.ar\" target=\"_blank\" rel=\"noopener noreferrer\">Universidad Nacional del Centro de la Provincia de Buenos Aires<\/a> de acuerdo a lo dispuesto por la <a href=\"http:\/\/www.arte.unicen.edu.ar\/cdab\/wp-content\/uploads\/2020\/03\/res-047-11.pdf\" target=\"_blank\" rel=\"noopener noreferrer\">resoluci\u00f3n n\u00b0 047<\/a> de Consejo Acad\u00e9mico.<\/p>\n<p>Este espacio dependiente de la <a href=\"http:\/\/www.arte.unicen.edu.ar\/secretarias\/investigacion-posgrado\" target=\"_blank\" rel=\"noopener noreferrer\">Secretar\u00eda de Investigaci\u00f3n y Posgrado<\/a>, responde a <a href=\"http:\/\/www.biblio.unicen.edu.ar\" target=\"_blank\" rel=\"noopener noreferrer\">Biblioteca Central UNICEN<\/a> y nace con la finalidad de incorporar, resguardar, preservar y catalogar materiales bibliogr\u00e1ficos, visuales y audiovisuales de teatro, cine y arte en general. Asimismo, el <strong>CDAB<\/strong> salvaguarda todos aquellos registros que conforman la memoria institucional de la <a href=\"http:\/\/www.arte.unicen.edu.ar\" target=\"_blank\" rel=\"noopener noreferrer\">Facultad de Arte<\/a> desde su creaci\u00f3n como Escuela Superior de Teatro en el a\u00f1o 1988, e incluso antecedentes pre-fundacionales que se remontan al a\u00f1o 1981. El \u00e1rea de biblioteca dispone de todos los libros editados por <a href=\"http:\/\/www.arte.unicen.edu.ar\/artepublicaciones\" target=\"_blank\" rel=\"noopener noreferrer\">Arte Publicaciones<\/a>, sello editorial de nuestra Unidad Acad\u00e9mica, como as\u00ed tambi\u00e9n las publicaciones realizadas por los grupos de investigaci\u00f3n.<\/p>\n<p>El cat\u00e1logo especializado del <strong>CDAB<\/strong> est\u00e1 compuesto por:<\/p>\n<ol style=\"margin: 40px 100px;\"><li><strong>material bibliogr\u00e1fico<\/strong> sobre teatro, audiovisual, arte, arte y g\u00e9nero, historia, literatura, ciencias sociales, comunicaci\u00f3n, filosof\u00eda, \u00e9tica y psicolog\u00eda;<\/li>\n<li><strong>producciones audiovisuales<\/strong> nacionales e internacionales de inter\u00e9s acad\u00e9mico, trabajos de estudiantes de la carrera de <a href=\"http:\/\/www.arte.unicen.edu.ar\/carreras\/grado\/riaa\/perfil-del-egresado_\" target=\"_blank\" rel=\"noopener noreferrer\">Realizaci\u00f3n Integral en Artes Audiovisuales<\/a>, puestas en escena de obras teatrales producidas en el marco de la carrera de <a href=\"http:\/\/www.arte.unicen.edu.ar\/carreras\/grado\/licenciado-en-teatro\/perfil-del-egresado_\" target=\"_blank\" rel=\"noopener noreferrer\">Teatro<\/a>, filmaciones de reuniones cient\u00edficas, congresos, conferencias, entrevistas art\u00edsticas y producciones teatrales for\u00e1neas;<\/li>\n<li><strong>fotograf\u00edas<\/strong> de producciones\/pr\u00e1cticas art\u00edsticas y eventos institucionales;<\/li>\n<li><strong>afiches<\/strong> de eventos y encuentros promovidos por la Facultad;<\/li>\n<li><strong>registros sonoros<\/strong>;<\/li>\n<li><strong>documentos de investigaci\u00f3n<\/strong> que comprenden las tesinas y tesis de las carreras de grado y posgrado que se dictan en nuestra Unidad Acad\u00e9mica;<\/li>\n<li><strong>revistas acad\u00e9micas especializadas<\/strong> de publicaci\u00f3n peri\u00f3dica editadas por otras universidades e institutos nacionales y extranjeros; y<\/li>\n<li><strong>carpetas de prensa<\/strong> conformadas por entrevistas, gacetillas y cr\u00edticas period\u00edsticas de obras teatrales.<\/li><\/ol>\n<p>En el <strong>CDAB<\/strong> se organizan y compilan los materiales con el objeto de ponerlos a disposici\u00f3n para consulta de estudiantes, graduadxs y docentes de todas las carreras de grado, posgrado y formaci\u00f3n continua (<a href=\"http:\/\/www.arte.unicen.edu.ar\/carreras\/grado\/profesorado-de-teatro\/perfil-del-egresado_\" target=\"_blank\" rel=\"noopener noreferrer\">Profesorado de Teatro<\/a>, <a href=\"http:\/\/www.arte.unicen.edu.ar\/carreras\/grado\/licenciado-en-teatro\/perfil-del-egresado_\" target=\"_blank\" rel=\"noopener noreferrer\">Licenciado en Teatro<\/a>, <a href=\"http:\/\/www.arte.unicen.edu.ar\/carreras\/grado\/riaa\/perfil-del-egresado_\" target=\"_blank\" rel=\"noopener noreferrer\">Realizaci\u00f3n Integral en Artes Audiovisuales<\/a>, <a href=\"http:\/\/www.arte.unicen.edu.ar\/diplomatura-en-narrativas-transmedia-y-tecnologias-de-la-interactividad\" target=\"_blank\" rel=\"noopener noreferrer\">Diplomatura Universitaria en Arte y Tecnolog\u00eda<\/a>, <a href=\"http:\/\/www.arte.unicen.edu.ar\/diplomatura-en-arte-para-la-transformacion-social\" target=\"_blank\" rel=\"noopener noreferrer\">Diplomatura Universitaria en Arte para la Transformaci\u00f3n Social<\/a>, <a href=\"http:\/\/www.arte.unicen.edu.ar\/secretarias\/investigacion-posgrado\/diplomatura-universitaria-en-esteticas-contemporaneas\" target=\"_blank\" rel=\"noopener noreferrer\">Diplomatura Universitaria en Est\u00e9ticas Contempor\u00e1neas<\/a>, <a href=\"http:\/\/www.arte.unicen.edu.ar\/carreras\/posgrado\/maestria-en-teatro\" target=\"_blank\" rel=\"noopener noreferrer\">Maestr\u00eda en Teatro<\/a> y <a href=\"http:\/\/www.arte.unicen.edu.ar\/carreras\/posgrado\/maestria-en-arte-y-sociedad-en-latinoamerica\" target=\"_blank\" rel=\"noopener noreferrer\">Maestr\u00eda en Arte y Sociedad en Latinoam\u00e9rica<\/a>), nodocentes e investigadorxs que forman parte de los distintos n\u00facleos de investigaci\u00f3n (<a href=\"http:\/\/www.arte.unicen.edu.ar\/tecc\" target=\"_blank\" rel=\"noopener noreferrer\">TECC<\/a>, <a href=\"http:\/\/www.arte.unicen.edu.ar\/secretarias\/investigacion-posgrado\/nucleos\/cid\" target=\"_blank\" rel=\"noopener noreferrer\">CID<\/a>, <a href=\"http:\/\/www.arte.unicen.edu.ar\/secretarias\/investigacion-posgrado\/nucleos\/normativas-tecc\" target=\"_blank\" rel=\"noopener noreferrer\">GIAPA<\/a>) de la <a href=\"http:\/\/www.arte.unicen.edu.ar\" target=\"_blank\" rel=\"noopener noreferrer\">Facultad de Arte<\/a>. Asimismo, nuestro accionar se extiende a solicitudes de otras Unidades Acad\u00e9micas, del <a href=\"http:\/\/www.biblio.unicen.edu.ar\" target=\"_blank\" rel=\"noopener noreferrer\">Sistema de Bibliotecas UNICEN<\/a> y todas aquellas Instituciones Educativas y redes de cooperaci\u00f3n con las que el <strong>CDAB<\/strong> ha firmado convenio o mantiene lazos de cooperaci\u00f3n.<\/p>\n<p>Con el objetivo de reafirmar su compromiso en el campo de la preservaci\u00f3n, garantizar el acceso al patrimonio visual, audiovisual y sonoro y simplificar el proceso de b\u00fasqueda para lxs usuarixs, en 2017 iniciamos un proceso de digitalizaci\u00f3n y backup del material en un sistema de almacenamiento con conexi\u00f3n a la red: el <a href=\"http:\/\/www.arte.unicen.edu.ar\/cdab\/servicios\/repositorio\" target=\"_blank\" rel=\"noopener noreferrer\">repositorio multimedia CDAB<\/a>.<\/p>\n<div class=\"container-newsbutton\" style=\"margin-bottom: 55px;\">\n<a data-fancybox=\"\" class=\"cdab-newsbuttonlink\" href=\"https:\/\/www.youtube.com\/watch?v=IB1SOrpbEUI\" target=\"_blank\" rel=\"noopener noreferrer\"><div class=\"cdab-youtube-newsbutton\">VER SPOT INSTITUCIONAL CDAB<\/div><\/a><\/div>\n<h2>Misi\u00f3n y objetivos<\/h2>\n<ol>\n<li><strong>Custodiar, acrecentar, preservar, incorporar, organizar, registrar, catalogar y, en consecuencia, generar un acervo documental<\/strong> en base a todo material bibliogr\u00e1fico, visual y audiovisual especializado en teatro, cine y arte en general, para uso de la comunidad acad\u00e9mica de la <a href=\"http:\/\/www.arte.unicen.edu.ar\" target=\"_blank\" rel=\"noopener noreferrer\">Facultad de Arte<\/a>, la <a href=\"http:\/\/www.unicen.edu.ar\" target=\"_blank\" rel=\"noopener noreferrer\">UNICEN<\/a> y sus dependencias. Los materiales a salvaguardar podr\u00e1n incorporarse en cualquier soporte, sustrato material o formato y el <strong>CDAB<\/strong> arbitrar\u00e1 los medios y procedimientos t\u00e9cnicos necesarios para su correcta conservaci\u00f3n y resguardo.<\/li>\n<li><strong>Constituir el centro bibliogr\u00e1fico y de documentaci\u00f3n de la<\/strong> <a href=\"http:\/\/www.arte.unicen.edu.ar\" target=\"_blank\" rel=\"noopener noreferrer\">Facultad de Arte<\/a>, resguardando y difundiendo las actividades art\u00edstico-acad\u00e9micas que conforman la memoria institucional. Dichos testimonios comprenden los registros audiovisuales de las producciones teatrales estrenadas en el marco de la carrera de Teatro; los trabajos de alumnos de la carrera de Realizaci\u00f3n Integral en Artes Audiovisuales; filmaciones de reuniones cient\u00edficas, congresos, jornadas, seminarios, conferencias y entrevistas art\u00edsticas; fotograf\u00edas de inter\u00e9s institucional; afiches, programas y volantes de eventos y encuentros promovidos por la Facultad; documentos de investigaci\u00f3n; publicaciones de grupos\/departamentos de investigaci\u00f3n y de Arte Publicaciones; archivo de prensa conformado por entrevistas, gacetillas y cr\u00edticas period\u00edsticas de obras teatrales propias; tesinas y tesis de grado y posgrado, entre otros. Adem\u00e1s, el <strong>CDAB<\/strong> preserva documentos institucionales desde la creaci\u00f3n de nuestra Unidad Acad\u00e9mica como Escuela Superior de Teatro en el a\u00f1o 1988 e inclusive antecedentes pre-fundacionales que se remontan al a\u00f1o 1981.<br \/>La labor de documentaci\u00f3n se hace extensiva a todos los materiales producidos en las carreras de grado, posgrado y formaci\u00f3n continua de la <a href=\"http:\/\/www.arte.unicen.edu.ar\/cdab\" target=\"_blank\" rel=\"noopener noreferrer\">Facultad de Arte<\/a> (Profesorado de Teatro, Licenciado en Teatro, Realizaci\u00f3n Integral en Artes Audiovisuales, Diplomatura Universitaria en Arte y Tecnolog\u00eda, Diplomatura Universitaria en Arte para la Transformaci\u00f3n Social, Maestr\u00eda en Teatro -menci\u00f3n Direcci\u00f3n Esc\u00e9nica, Dise\u00f1o Esc\u00e9nico y Actuaci\u00f3n- y Maestr\u00eda en Arte y Sociedad en Latinoam\u00e9rica) que son cedidos al <strong>CDAB<\/strong>.<\/li>\n<li><strong>Seleccionar, acopiar, registrar, preservar y conservar fondos bibliogr\u00e1ficos<\/strong> y documentales.<\/li>\n<li><strong>Acordar los procesos bibliotecol\u00f3gicos necesarios con<\/strong> <a href=\"http:\/\/www.biblio.unicen.edu.ar\" target=\"_blank\" rel=\"noopener noreferrer\">Biblioteca Central UNICEN<\/a> para la incorporaci\u00f3n de los materiales en sala.<\/li>\n<li><strong>Prestar un servicio p\u00fablico de consulta a los usuarios<\/strong>, de forma presencial en sala y remota a trav\u00e9s del <a href=\"http:\/\/www.arte.unicen.edu.ar\/cdab\/servicios\/repositorio\/\" target=\"_blank\" rel=\"noopener noreferrer\">repositorio multimedia CDAB<\/a>.<\/li>\n<li><strong>Fomentar el pensamiento cr\u00edtico-reflexivo, la formaci\u00f3n, investigaci\u00f3n, extensi\u00f3n y promoci\u00f3n<\/strong>, a trav\u00e9s del acceso a documentos y servicios de informaci\u00f3n especializados.<\/li>\n<li><strong>Desarrollar actividades y encuentros de promoci\u00f3n<\/strong> que den cuenta del acervo bibliogr\u00e1fico y audiovisual disponible en el Centro de Documentaci\u00f3n.<\/li>\n<li><strong>Integrar redes de trabajo y cooperaci\u00f3n<\/strong> con otras bibliotecas y entidades culturales afines.<\/li>\n<\/ol>\n<div align=\"center\"><a class=\"cdab-bigbutton\" href=\"\/cdab\/wp-content\/uploads\/patrimonio-general-cdab.pdf\" target=\"_blank\" rel=\"noopener noreferrer\">Patrimonio general<\/a><\/div>\n","protected":false},"excerpt":{"rendered":"<p>Luego de iniciar sus actividades como Archivo Gr\u00e1fico y Videoteca de Teatro en octubre de 2007 (con antecedentes que datan desde la d\u00e9cada del &#8217;90), el 29 de marzo de 2011 se crea el Centro de Documentaci\u00f3n Audiovisual y Biblioteca (CDAB) de la Facultad de Arte de la Universidad Nacional del Centro de la Provincia de Buenos Aires de acuerdo [&hellip;]<\/p>\n","protected":false},"author":1,"featured_media":0,"parent":5,"menu_order":0,"comment_status":"closed","ping_status":"closed","template":"","meta":{"_acf_changed":false,"footnotes":""},"class_list":["post-10","page","type-page","status-publish","hentry"],"acf":[],"_links":{"self":[{"href":"https:\/\/www.arte.unicen.edu.ar\/cdab\/wp-json\/wp\/v2\/pages\/10","targetHints":{"allow":["GET"]}}],"collection":[{"href":"https:\/\/www.arte.unicen.edu.ar\/cdab\/wp-json\/wp\/v2\/pages"}],"about":[{"href":"https:\/\/www.arte.unicen.edu.ar\/cdab\/wp-json\/wp\/v2\/types\/page"}],"author":[{"embeddable":true,"href":"https:\/\/www.arte.unicen.edu.ar\/cdab\/wp-json\/wp\/v2\/users\/1"}],"replies":[{"embeddable":true,"href":"https:\/\/www.arte.unicen.edu.ar\/cdab\/wp-json\/wp\/v2\/comments?post=10"}],"version-history":[{"count":2,"href":"https:\/\/www.arte.unicen.edu.ar\/cdab\/wp-json\/wp\/v2\/pages\/10\/revisions"}],"predecessor-version":[{"id":23380,"href":"https:\/\/www.arte.unicen.edu.ar\/cdab\/wp-json\/wp\/v2\/pages\/10\/revisions\/23380"}],"up":[{"embeddable":true,"href":"https:\/\/www.arte.unicen.edu.ar\/cdab\/wp-json\/wp\/v2\/pages\/5"}],"wp:attachment":[{"href":"https:\/\/www.arte.unicen.edu.ar\/cdab\/wp-json\/wp\/v2\/media?parent=10"}],"curies":[{"name":"wp","href":"https:\/\/api.w.org\/{rel}","templated":true}]}}