{"id":1869,"date":"2026-03-05T08:34:18","date_gmt":"2026-03-05T11:34:18","guid":{"rendered":"https:\/\/www.arte.unicen.edu.ar\/alumnos\/?page_id=1869"},"modified":"2026-04-30T12:12:04","modified_gmt":"2026-04-30T15:12:04","slug":"examenes-finales","status":"publish","type":"page","link":"https:\/\/www.arte.unicen.edu.ar\/alumnos\/examenes-finales\/","title":{"rendered":"Ex\u00e1menes finales"},"content":{"rendered":"<div id=\"pl-1869\"  class=\"panel-layout\" ><div id=\"pg-1869-0\"  class=\"panel-grid panel-no-style\" ><div id=\"pgc-1869-0-0\"  class=\"panel-grid-cell\" ><div id=\"panel-1869-0-0-0\" class=\"so-panel widget widget_hootkit-profile panel-first-child\" data-index=\"0\" >\n<div class=\"profile-widget-wrap topborder-none bottomborder-none\">\n\t<div class=\"profile-widget\">\n\n\t\t<div class=\"widget-title-wrap hastitle\"><h3 class=\"widget-title\">Les informamos que se sustanciar\u00e1n las mesas de Ex\u00e1menes Finales en el llamado<\/h3><\/div>\n\t\t\n\t\t\n\t\t\n\t<\/div>\n<\/div><\/div><div id=\"panel-1869-0-0-1\" class=\"so-panel widget widget_sow-editor\" data-index=\"1\" ><div class=\"panel-widget-style panel-widget-style-for-1869-0-0-1\" ><div\n\t\t\t\n\t\t\tclass=\"so-widget-sow-editor so-widget-sow-editor-base\"\n\t\t\t\n\t\t>\n<div class=\"siteorigin-widget-tinymce textwidget\">\n\t<p style=\"text-align: center; color: #c92450; font-size: 20px;\"><strong>MAYO 2026<\/strong><\/p>\n<\/div>\n<\/div><\/div><\/div><div id=\"panel-1869-0-0-2\" class=\"so-panel widget widget_sow-editor\" data-index=\"2\" ><div class=\"panel-widget-style panel-widget-style-for-1869-0-0-2\" ><div\n\t\t\t\n\t\t\tclass=\"so-widget-sow-editor so-widget-sow-editor-base\"\n\t\t\t\n\t\t>\n<div class=\"siteorigin-widget-tinymce textwidget\">\n\t<p style=\"text-align: center; color: #c92450;\"><strong>MAYO:<\/strong> DEL LUNES 18 AL VIERNES 22 DE MAYO<\/p>\n<\/div>\n<\/div><\/div><\/div><div id=\"panel-1869-0-0-3\" class=\"so-panel widget widget_sow-editor panel-last-child\" data-index=\"3\" ><div\n\t\t\t\n\t\t\tclass=\"so-widget-sow-editor so-widget-sow-editor-base\"\n\t\t\t\n\t\t>\n<div class=\"siteorigin-widget-tinymce textwidget\">\n\t<p>Las inscripciones se efectivizar\u00e1n <strong style=\"color: #163a6e;\">SOLAMENTE UTILIZANDO EL SISTEMA SIU GUARAN\u00cd.<\/strong><\/p>\n<p style=\"text-align: center;\"><strong style=\"color: #163a6e;\">TUTORIAL <a style=\"color: red;\" href=\"https:\/\/www.arte.unicen.edu.ar\/wp-content\/uploads\/2026\/03\/COMO-ANOTARSE-A-EXAMEN-1.pdf\" target=\"_blank\" rel=\"noopener\">(DESCARGAR)<\/a><\/strong><\/p>\n<p><strong style=\"color: #163a6e;\">IMPORTANTE: <\/strong>Les pedimos a los estudiantes de <strong>AULA TRES ARROYOS<\/strong> que, <strong>AGUARDEN A RECIBIR V\u00cdA MAIL EL AVISO DEL DEPARTAMENTO DE ALUMNOS, INFORMANDO QUE SE ABRIERON LAS MESAS PARA SU EXTENSI\u00d3N \u00c1ULICA<\/strong>.<\/p>\n<p>Las materias se rendir\u00e1n tal como lo indica la Grilla de Horarios, Espacios y Docentes<a href=\"https:\/\/www.arte.unicen.edu.ar\/alumnos\/wp-content\/uploads\/2026\/04\/EXAMENES-FINALES-MAYO-2026.pdf\" target=\"_blank\" rel=\"noopener\"><strong style=\"color: red;\"> (DESCARGAR)<\/strong><\/a>.<\/p>\n<\/div>\n<\/div><\/div><\/div><\/div><div id=\"pg-1869-1\"  class=\"panel-grid panel-no-style\" ><div id=\"pgc-1869-1-0\"  class=\"panel-grid-cell\" ><div id=\"panel-1869-1-0-0\" class=\"so-panel widget widget_sow-editor panel-first-child panel-last-child\" data-index=\"4\" ><div\n\t\t\t\n\t\t\tclass=\"so-widget-sow-editor so-widget-sow-editor-base\"\n\t\t\t\n\t\t>\n<div class=\"siteorigin-widget-tinymce textwidget\">\n\t<h3 style=\"color: red; text-align: center;\">MUY IMPORTANTE: L\u00cdMITE PARA ANOTARSE Y BORRARSE<\/h3>\n<\/div>\n<\/div><\/div><\/div><\/div><div id=\"pg-1869-2\"  class=\"panel-grid panel-has-style\" ><div class=\"panel-row-style panel-row-style-for-1869-2\" ><div id=\"pgc-1869-2-0\"  class=\"panel-grid-cell\" ><div id=\"panel-1869-2-0-0\" class=\"so-panel widget widget_sow-editor panel-first-child\" data-index=\"5\" ><div\n\t\t\t\n\t\t\tclass=\"so-widget-sow-editor so-widget-sow-editor-base\"\n\t\t\t\n\t\t>\n<div class=\"siteorigin-widget-tinymce textwidget\">\n\t<p><button style=\"width: 100%; padding: 0.3em 0; \/* ajusta la altura al tama\u00f1o de la letra *\/ line-height: 1em; background: linear-gradient(90deg, #800000, #b30000); color: white; border: none; font-size: 16px; display: flex; justify-content: center; align-items: center; cursor: pointer; text-align: center;\">MAYO 2026: DEL LUNES 18\u00a0AL\u00a0VIERNES 22 DE MAYO<\/button><\/p>\n<\/div>\n<\/div><\/div><div id=\"panel-1869-2-0-1\" class=\"so-panel widget widget_sow-editor panel-last-child\" data-index=\"6\" ><div\n\t\t\t\n\t\t\tclass=\"so-widget-sow-editor so-widget-sow-editor-base\"\n\t\t\t\n\t\t>\n<div class=\"siteorigin-widget-tinymce textwidget\">\n\t<p>- Si la mesa es el d\u00eda\u00a0<strong style=\"color: red;\">LUNES 18<\/strong> cierra a las 12:00 horas del d\u00eda <strong style=\"color: red;\">JUEVES <\/strong><strong style=\"color: red;\">14 DE MAYO.<\/strong><\/p>\n<p style=\"font-weight: 400;\">- Si la mesa es el d\u00eda\u00a0<strong style=\"color: red;\">MARTES 19<\/strong>\u00a0cierra a las\u00a012:00\u00a0horas del d\u00eda\u00a0<strong style=\"color: red;\">VIERNES 15 DE MAYO.<\/strong><\/p>\n<p style=\"font-weight: 400;\">- Si la mesa es el d\u00eda <strong style=\"color: red;\">MI\u00c9RCOLES 20<\/strong> cierra a las\u00a012:00\u00a0horas del d\u00eda\u00a0<strong style=\"color: red;\">LUNES 18 DE MAYO<\/strong><span style=\"font-weight: 400; color: red;\">.<\/span><\/p>\n<p style=\"font-weight: 400;\">- Si la mesa es el d\u00eda\u00a0<strong style=\"color: red;\">JUEVES 21<\/strong> cierra a las\u00a012:00\u00a0horas del d\u00eda\u00a0<strong style=\"color: red;\">MARTES 19 DE MAYO<\/strong>.<\/p>\n<p>- Si la mesa es el d\u00eda <strong style=\"color: red;\">VIERNES 22<\/strong> cierra a las\u00a012:00\u00a0horas del d\u00eda\u00a0<strong style=\"color: red;\">MI\u00c9RCOLES 20 DE MAYO<\/strong>.<\/p>\n<\/div>\n<\/div><\/div><\/div><\/div><\/div><div id=\"pg-1869-3\"  class=\"panel-grid panel-has-style\" ><div class=\"panel-row-style panel-row-style-for-1869-3\" ><div id=\"pgc-1869-3-0\"  class=\"panel-grid-cell\" ><div id=\"panel-1869-3-0-0\" class=\"so-panel widget widget_sow-editor panel-first-child\" data-index=\"7\" ><div\n\t\t\t\n\t\t\tclass=\"so-widget-sow-editor so-widget-sow-editor-base\"\n\t\t\t\n\t\t>\n<div class=\"siteorigin-widget-tinymce textwidget\">\n\t<p><button style=\"width: 100%; padding: 0.3em 0; \/* ajusta la altura al tama\u00f1o de la letra *\/ line-height: 1em; background: linear-gradient(90deg, #800000, #b30000); color: white; border: none; font-size: 16px; display: flex; justify-content: center; align-items: center; cursor: pointer; text-align: center;\">ATENCI\u00d3N ALUMNOS QUE RINDEN EN CALIDAD DE LIBRES:<\/button><\/p>\n<\/div>\n<\/div><\/div><div id=\"panel-1869-3-0-1\" class=\"so-panel widget widget_sow-editor panel-last-child\" data-index=\"8\" ><div\n\t\t\t\n\t\t\tclass=\"so-widget-sow-editor so-widget-sow-editor-base\"\n\t\t\t\n\t\t>\n<div class=\"siteorigin-widget-tinymce textwidget\">\n\t<p style=\"font-weight: 400;\">Se sugiere consultar en primer t\u00e9rmino el Programa de la materia, accediendo al espacio de la materia en la plataforma virtual y comunicarse cada estudiante por las v\u00edas habituales con el equipo de c\u00e1tedra. Se puede acceder a los mails institucionales de los docentes de las materias de Teatro en http:\/\/www.arte.unicen.edu.ar\/docentes\/docentes-teatro\/ y de las materias de RIAA en http:\/\/www.arte.unicen.edu.ar\/docentes\/docentes-riaa\/.<\/p>\n<p><strong>MATERIAS PROMOCIONALES:<\/strong> para acreditarlas y que cuenten como un Final aprobado, te ten\u00e9s que anotar igual que a un Examen que rend\u00eds como Alumno Regular.<\/p>\n<p>NO es necesario que vengas en el horario de la mesa y la libreta no se usa m\u00e1s.<\/p>\n<p>Se recomienda que hagan sus tr\u00e1mites con anticipaci\u00f3n por cualquier duda o problema que pueda surgir. Actualmente, en el caso de estar ausente en una mesa de ex\u00e1menes finales no tiene consecuencias y pueden rendir en la mesa inmediata siguiente.<\/p>\n<p>Ante consultas que puedan surgir, no duden en escribirnos a las direcciones aromeo@arte.unicen.edu.ar y\/o mmanfra@arte.unicen.edu.ar .<\/p>\n<p>El horario de atenci\u00f3n del Departamento de Alumnxs es de Lunes a Viernes de 9:30 a 15:00 hs.<\/p>\n<\/div>\n<\/div><\/div><\/div><\/div><\/div><\/div>","protected":false},"excerpt":{"rendered":"<p>MAYO 2026 MAYO: DEL LUNES 18 AL VIERNES 22 DE MAYO Las inscripciones se efectivizar\u00e1n<span class=\"more-link\"><a href=\"https:\/\/www.arte.unicen.edu.ar\/alumnos\/examenes-finales\/\">M\u00e1s informaci\u00f3n<\/a><\/span><\/p>\n","protected":false},"author":2,"featured_media":0,"parent":0,"menu_order":0,"comment_status":"closed","ping_status":"closed","template":"","meta":{"footnotes":""},"class_list":["entry","author-cdelgado","post-1869","page","type-page","status-publish"],"_links":{"self":[{"href":"https:\/\/www.arte.unicen.edu.ar\/alumnos\/wp-json\/wp\/v2\/pages\/1869","targetHints":{"allow":["GET"]}}],"collection":[{"href":"https:\/\/www.arte.unicen.edu.ar\/alumnos\/wp-json\/wp\/v2\/pages"}],"about":[{"href":"https:\/\/www.arte.unicen.edu.ar\/alumnos\/wp-json\/wp\/v2\/types\/page"}],"author":[{"embeddable":true,"href":"https:\/\/www.arte.unicen.edu.ar\/alumnos\/wp-json\/wp\/v2\/users\/2"}],"replies":[{"embeddable":true,"href":"https:\/\/www.arte.unicen.edu.ar\/alumnos\/wp-json\/wp\/v2\/comments?post=1869"}],"version-history":[{"count":3,"href":"https:\/\/www.arte.unicen.edu.ar\/alumnos\/wp-json\/wp\/v2\/pages\/1869\/revisions"}],"predecessor-version":[{"id":2089,"href":"https:\/\/www.arte.unicen.edu.ar\/alumnos\/wp-json\/wp\/v2\/pages\/1869\/revisions\/2089"}],"wp:attachment":[{"href":"https:\/\/www.arte.unicen.edu.ar\/alumnos\/wp-json\/wp\/v2\/media?parent=1869"}],"curies":[{"name":"wp","href":"https:\/\/api.w.org\/{rel}","templated":true}]}}