{"id":1760,"date":"2025-12-15T10:29:19","date_gmt":"2025-12-15T13:29:19","guid":{"rendered":"https:\/\/www.arte.unicen.edu.ar\/alumnos\/?page_id=1760"},"modified":"2026-03-12T11:26:54","modified_gmt":"2026-03-12T14:26:54","slug":"tramites","status":"publish","type":"page","link":"https:\/\/www.arte.unicen.edu.ar\/alumnos\/departamento-de-alumnos\/informacion-alumnos\/tramites\/","title":{"rendered":"Tr\u00e1mites"},"content":{"rendered":"<div id=\"pl-1760\"  class=\"panel-layout\" ><div id=\"pg-1760-0\"  class=\"panel-grid panel-no-style\" ><div id=\"pgc-1760-0-0\"  class=\"panel-grid-cell panel-grid-cell-empty\" ><\/div><div id=\"pgc-1760-0-1\"  class=\"panel-grid-cell panel-grid-cell-mobile-last\" ><div id=\"panel-1760-0-1-0\" class=\"so-panel widget widget_sow-editor panel-first-child panel-last-child\" data-index=\"0\" ><div\n\t\t\t\n\t\t\tclass=\"so-widget-sow-editor so-widget-sow-editor-base\"\n\t\t\t\n\t\t>\n<div class=\"siteorigin-widget-tinymce textwidget\">\n\t<ul>\n<li><strong>TR\u00c1MITE DE T\u00cdTULO DE GRADO<\/strong><\/li>\n<\/ul>\n<p>Se realiza enviando mail a\u00a0<a href=\"mailto:mmanfra@arte.unicen.edu.ar\">mmanfra@arte.unicen.edu.ar<\/a>\u00a0con la documentaci\u00f3n que se detalla a continuaci\u00f3n en formato adjunto:<\/p>\n<p><strong>DOCUMENTACI\u00d3N A PRESENTAR:<\/strong><\/p>\n<ol>\n<li>Nota dirigida a la autoridad de la Unidad Acad\u00e9mica solicitando el t\u00edtulo\u00a0(<a href=\"https:\/\/www.arte.unicen.edu.ar\/alumnos\/wp-content\/uploads\/2026\/03\/Carta-A-la-Decana.doc\">DESCARGAR<\/a>).<\/li>\n<li>Original y copia LEGIBLE del DNI<\/li>\n<li>Copia de Partida de nacimiento.<\/li>\n<li>Certificado de estudios del t\u00edtulo Secundario.<\/li>\n<li>Completar la Declaraci\u00f3n Jurada (Solicitud de T\u00edtulo) con todos los datos que se solicitan, firmarlo y fecharlo (<a href=\"https:\/\/www.arte.unicen.edu.ar\/alumnos\/wp-content\/uploads\/2026\/03\/Declaracion-Jurada-Titulos.doc\">DESCARGAR<\/a>).<\/li>\n<\/ol>\n<ul>\n<li><strong>TR\u00c1MITE T\u00cdTULO DE GRADO (EXTRANJEROS)<\/strong><\/li>\n<\/ul>\n<p>Se realiza enviando mail a\u00a0<a href=\"mailto:mmanfra@arte.unicen.edu.ar\">mmanfra@arte.unicen.edu.ar<\/a>\u00a0con la documentaci\u00f3n que se detalla a continuaci\u00f3n en formato adjunto:<\/p>\n<p><strong>DOCUMENTACI\u00d3N A PRESENTAR:<\/strong><\/p>\n<ol>\n<li>Nota dirigida a la autoridad de la Unidad Acad\u00e9mica solicitando el t\u00edtulo\u00a0(<a href=\"https:\/\/www.arte.unicen.edu.ar\/alumnos\/wp-content\/uploads\/2026\/03\/Carta-A-la-Decana-1.doc\">DESCARGAR<\/a>).<\/li>\n<li>Copia LEGIBLE del DNI<\/li>\n<li>Copia de Partida de nacimiento con copia de apostilla.<\/li>\n<li>Certificado de estudios del t\u00edtulo Secundario, diploma con copia de apostilla y acta de grado con copia de apostilla.<\/li>\n<li>Completar la Declaraci\u00f3n Jurada (Solicitud de t\u00edtulo) con todos los datos que se solicitan, firmarlo y fecharlo\u00a0(<a href=\"https:\/\/www.arte.unicen.edu.ar\/alumnos\/wp-content\/uploads\/2026\/03\/Declaracion-Jurada-Titulos.doc\">DESCARGAR<\/a>).<\/li>\n<\/ol>\n<ul>\n<li><strong>TR\u00c1MITE DUPLICADO DE T\u00cdTULO UNIVERSITARIO EN CASO DE EXTRAV\u00cdO<\/strong><\/li>\n<\/ul>\n<ol>\n<li>El interesado debe hacer exposici\u00f3n de extrav\u00edo en el Registro de las Personas y con una nota solicitando el duplicado, deber\u00e1 presentar todo en Direcci\u00f3n de T\u00edtulos (UNICEN).<\/li>\n<li>\u00a0La nota va dirigida a la autoridad de la Unidad Acad\u00e9mica, debe especificar si es el Certificado de estudios y el Diploma (tanto en la nota como en la exposici\u00f3n), si tiene copia, adjuntarlas.<\/li>\n<li>Adem\u00e1s deber\u00e1 acompa\u00f1ar copia del DNI y en los datos deber\u00e1 hacer constar un n\u00famero de tel\u00e9fono celular y direcci\u00f3n de correo electr\u00f3nico.<\/li>\n<\/ol>\n<ul>\n<li><strong>CERTIFICADOS:<\/strong><\/li>\n<\/ul>\n<ol>\n<li>Certificado de Alumno Regular<\/li>\n<li>Certificado Anal\u00edtico<\/li>\n<li>Certificado de Porcentajes de Finales Aprobados<\/li>\n<li>Certificado de Ex\u00e1menes Parciales y\/o Finales<\/li>\n<li>Certificado de Promedio Acad\u00e9mico y\/o General<\/li>\n<li>Certificado de Inscripci\u00f3n a Carreras<\/li>\n<li>Certificado para Solicitud de tarjeta PASE<\/li>\n<\/ol>\n<\/div>\n<\/div><\/div><\/div><div id=\"pgc-1760-0-2\"  class=\"panel-grid-cell panel-grid-cell-empty\" ><\/div><\/div><\/div>","protected":false},"excerpt":{"rendered":"<p>TR\u00c1MITE DE T\u00cdTULO DE GRADO Se realiza enviando mail a\u00a0mmanfra@arte.unicen.edu.ar\u00a0con la documentaci\u00f3n que se detalla<span class=\"more-link\"><a href=\"https:\/\/www.arte.unicen.edu.ar\/alumnos\/departamento-de-alumnos\/informacion-alumnos\/tramites\/\">M\u00e1s informaci\u00f3n<\/a><\/span><\/p>\n","protected":false},"author":2,"featured_media":0,"parent":1801,"menu_order":0,"comment_status":"closed","ping_status":"closed","template":"","meta":{"footnotes":""},"class_list":["entry","author-cdelgado","post-1760","page","type-page","status-publish"],"_links":{"self":[{"href":"https:\/\/www.arte.unicen.edu.ar\/alumnos\/wp-json\/wp\/v2\/pages\/1760","targetHints":{"allow":["GET"]}}],"collection":[{"href":"https:\/\/www.arte.unicen.edu.ar\/alumnos\/wp-json\/wp\/v2\/pages"}],"about":[{"href":"https:\/\/www.arte.unicen.edu.ar\/alumnos\/wp-json\/wp\/v2\/types\/page"}],"author":[{"embeddable":true,"href":"https:\/\/www.arte.unicen.edu.ar\/alumnos\/wp-json\/wp\/v2\/users\/2"}],"replies":[{"embeddable":true,"href":"https:\/\/www.arte.unicen.edu.ar\/alumnos\/wp-json\/wp\/v2\/comments?post=1760"}],"version-history":[{"count":2,"href":"https:\/\/www.arte.unicen.edu.ar\/alumnos\/wp-json\/wp\/v2\/pages\/1760\/revisions"}],"predecessor-version":[{"id":2052,"href":"https:\/\/www.arte.unicen.edu.ar\/alumnos\/wp-json\/wp\/v2\/pages\/1760\/revisions\/2052"}],"up":[{"embeddable":true,"href":"https:\/\/www.arte.unicen.edu.ar\/alumnos\/wp-json\/wp\/v2\/pages\/1801"}],"wp:attachment":[{"href":"https:\/\/www.arte.unicen.edu.ar\/alumnos\/wp-json\/wp\/v2\/media?parent=1760"}],"curies":[{"name":"wp","href":"https:\/\/api.w.org\/{rel}","templated":true}]}}