{"id":1749,"date":"2025-12-15T10:11:09","date_gmt":"2025-12-15T13:11:09","guid":{"rendered":"https:\/\/www.arte.unicen.edu.ar\/alumnos\/?page_id=1749"},"modified":"2026-04-27T11:27:53","modified_gmt":"2026-04-27T14:27:53","slug":"bienestar","status":"publish","type":"page","link":"https:\/\/www.arte.unicen.edu.ar\/alumnos\/bienestar\/","title":{"rendered":"Bienestar"},"content":{"rendered":"<div id=\"pl-1749\"  class=\"panel-layout\" ><div id=\"pg-1749-0\"  class=\"panel-grid panel-no-style\" ><div id=\"pgc-1749-0-0\"  class=\"panel-grid-cell\" ><div id=\"panel-1749-0-0-0\" class=\"so-panel widget widget_sow-button panel-first-child panel-last-child\" data-index=\"0\" ><div\n\t\t\t\n\t\t\tclass=\"so-widget-sow-button so-widget-sow-button-atom-1aed234f1495-1749\"\n\t\t\t\n\t\t><div class=\"ow-button-base ow-button-align-center\"\n>\n\t\t\t<a\n\t\t\t\t\thref=\"https:\/\/www.arte.unicen.edu.ar\/alumnos\/comedor-universitario\"\n\t\t\t\t\tclass=\"sowb-button ow-icon-placement-left ow-button-hover\" \t>\n\t\t<span>\n\t\t\t\n\t\t\tComedor Universitario\t\t<\/span>\n\t\t\t<\/a>\n\t<\/div>\n<\/div><\/div><\/div><\/div><div id=\"pg-1749-1\"  class=\"panel-grid panel-no-style\" ><div id=\"pgc-1749-1-0\"  class=\"panel-grid-cell\" ><div id=\"panel-1749-1-0-0\" class=\"so-panel widget widget_sow-image panel-first-child panel-last-child\" data-index=\"1\" ><div\n\t\t\t\n\t\t\tclass=\"so-widget-sow-image so-widget-sow-image-default-6ec9e3772f75-1749\"\n\t\t\t\n\t\t>\n<div class=\"sow-image-container\">\n\t\t\t<a href=\"https:\/\/www.arte.unicen.edu.ar\/alumnos\/wp-content\/uploads\/2025\/12\/Becas-de-Grado-y-Finalizacion-de-Carrera.jpg\"\n\t\t\ttarget=\"_blank\" rel=\"noopener noreferrer\" \t\t>\n\t\t\t<img \n\tsrc=\"https:\/\/www.arte.unicen.edu.ar\/alumnos\/wp-content\/uploads\/2025\/12\/Becas-de-Grado-y-Finalizacion-de-Carrera.jpg\" width=\"1080\" height=\"1080\" srcset=\"https:\/\/www.arte.unicen.edu.ar\/alumnos\/wp-content\/uploads\/2025\/12\/Becas-de-Grado-y-Finalizacion-de-Carrera.jpg 1080w, https:\/\/www.arte.unicen.edu.ar\/alumnos\/wp-content\/uploads\/2025\/12\/Becas-de-Grado-y-Finalizacion-de-Carrera-300x300.jpg 300w, https:\/\/www.arte.unicen.edu.ar\/alumnos\/wp-content\/uploads\/2025\/12\/Becas-de-Grado-y-Finalizacion-de-Carrera-1024x1024.jpg 1024w, https:\/\/www.arte.unicen.edu.ar\/alumnos\/wp-content\/uploads\/2025\/12\/Becas-de-Grado-y-Finalizacion-de-Carrera-150x150.jpg 150w, https:\/\/www.arte.unicen.edu.ar\/alumnos\/wp-content\/uploads\/2025\/12\/Becas-de-Grado-y-Finalizacion-de-Carrera-768x768.jpg 768w, https:\/\/www.arte.unicen.edu.ar\/alumnos\/wp-content\/uploads\/2025\/12\/Becas-de-Grado-y-Finalizacion-de-Carrera-465x465.jpg 465w, https:\/\/www.arte.unicen.edu.ar\/alumnos\/wp-content\/uploads\/2025\/12\/Becas-de-Grado-y-Finalizacion-de-Carrera-500x500.jpg 500w\" sizes=\"(max-width: 1080px) 100vw, 1080px\" alt=\"\" \t\tclass=\"so-widget-image\"\/>\n\t\t\t<\/a><\/div>\n\n<\/div><\/div><\/div><div id=\"pgc-1749-1-1\"  class=\"panel-grid-cell\" ><div id=\"panel-1749-1-1-0\" class=\"so-panel widget widget_sow-image panel-first-child panel-last-child\" data-index=\"2\" ><div\n\t\t\t\n\t\t\tclass=\"so-widget-sow-image so-widget-sow-image-default-6ec9e3772f75-1749\"\n\t\t\t\n\t\t>\n<div class=\"sow-image-container\">\n\t\t\t<a href=\"https:\/\/www.arte.unicen.edu.ar\/alumnos\/wp-content\/uploads\/2025\/12\/Becas-Ingresantes-2026.jpg\"\n\t\t\ttarget=\"_blank\" rel=\"noopener noreferrer\" \t\t>\n\t\t\t<img \n\tsrc=\"https:\/\/www.arte.unicen.edu.ar\/alumnos\/wp-content\/uploads\/2025\/12\/Becas-Ingresantes-2026.jpg\" width=\"1080\" height=\"1080\" srcset=\"https:\/\/www.arte.unicen.edu.ar\/alumnos\/wp-content\/uploads\/2025\/12\/Becas-Ingresantes-2026.jpg 1080w, https:\/\/www.arte.unicen.edu.ar\/alumnos\/wp-content\/uploads\/2025\/12\/Becas-Ingresantes-2026-300x300.jpg 300w, https:\/\/www.arte.unicen.edu.ar\/alumnos\/wp-content\/uploads\/2025\/12\/Becas-Ingresantes-2026-1024x1024.jpg 1024w, https:\/\/www.arte.unicen.edu.ar\/alumnos\/wp-content\/uploads\/2025\/12\/Becas-Ingresantes-2026-150x150.jpg 150w, https:\/\/www.arte.unicen.edu.ar\/alumnos\/wp-content\/uploads\/2025\/12\/Becas-Ingresantes-2026-768x768.jpg 768w, https:\/\/www.arte.unicen.edu.ar\/alumnos\/wp-content\/uploads\/2025\/12\/Becas-Ingresantes-2026-465x465.jpg 465w, https:\/\/www.arte.unicen.edu.ar\/alumnos\/wp-content\/uploads\/2025\/12\/Becas-Ingresantes-2026-500x500.jpg 500w\" sizes=\"(max-width: 1080px) 100vw, 1080px\" alt=\"\" \t\tclass=\"so-widget-image\"\/>\n\t\t\t<\/a><\/div>\n\n<\/div><\/div><\/div><div id=\"pgc-1749-1-2\"  class=\"panel-grid-cell\" ><div id=\"panel-1749-1-2-0\" class=\"so-panel widget widget_sow-image panel-first-child panel-last-child\" data-index=\"3\" ><div\n\t\t\t\n\t\t\tclass=\"so-widget-sow-image so-widget-sow-image-default-6ec9e3772f75-1749\"\n\t\t\t\n\t\t>\n<div class=\"sow-image-container\">\n\t\t\t<a href=\"https:\/\/www.arte.unicen.edu.ar\/alumnos\/wp-content\/uploads\/2025\/12\/Becas-Residencias.jpg\"\n\t\t\ttarget=\"_blank\" rel=\"noopener noreferrer\" \t\t>\n\t\t\t<img \n\tsrc=\"https:\/\/www.arte.unicen.edu.ar\/alumnos\/wp-content\/uploads\/2025\/12\/Becas-Residencias.jpg\" width=\"1080\" height=\"1080\" srcset=\"https:\/\/www.arte.unicen.edu.ar\/alumnos\/wp-content\/uploads\/2025\/12\/Becas-Residencias.jpg 1080w, https:\/\/www.arte.unicen.edu.ar\/alumnos\/wp-content\/uploads\/2025\/12\/Becas-Residencias-300x300.jpg 300w, https:\/\/www.arte.unicen.edu.ar\/alumnos\/wp-content\/uploads\/2025\/12\/Becas-Residencias-1024x1024.jpg 1024w, https:\/\/www.arte.unicen.edu.ar\/alumnos\/wp-content\/uploads\/2025\/12\/Becas-Residencias-150x150.jpg 150w, https:\/\/www.arte.unicen.edu.ar\/alumnos\/wp-content\/uploads\/2025\/12\/Becas-Residencias-768x768.jpg 768w, https:\/\/www.arte.unicen.edu.ar\/alumnos\/wp-content\/uploads\/2025\/12\/Becas-Residencias-465x465.jpg 465w, https:\/\/www.arte.unicen.edu.ar\/alumnos\/wp-content\/uploads\/2025\/12\/Becas-Residencias-500x500.jpg 500w\" sizes=\"(max-width: 1080px) 100vw, 1080px\" alt=\"\" \t\tclass=\"so-widget-image\"\/>\n\t\t\t<\/a><\/div>\n\n<\/div><\/div><\/div><\/div><div id=\"pg-1749-2\"  class=\"panel-grid panel-no-style\" ><div id=\"pgc-1749-2-0\"  class=\"panel-grid-cell panel-grid-cell-empty\" ><\/div><div id=\"pgc-1749-2-1\"  class=\"panel-grid-cell panel-grid-cell-mobile-last\" ><div id=\"panel-1749-2-1-0\" class=\"so-panel widget widget_sow-editor panel-first-child panel-last-child\" data-index=\"4\" ><div\n\t\t\t\n\t\t\tclass=\"so-widget-sow-editor so-widget-sow-editor-base\"\n\t\t\t\n\t\t>\n<div class=\"siteorigin-widget-tinymce textwidget\">\n\t<p style=\"text-align: justify;\">Las becas las otorga la Universidad desde la <strong>Secretar\u00eda de Bienestar<\/strong>\u00a0que funciona en el\u00a0<strong>Campus Universitario<\/strong>, sito en Paraje Arroyo Seco S\/N, Tandil. Tambi\u00e9n pod\u00e9s comunicarte con la referente de la Secretar\u00eda de Bienestar en la Facultad de Arte: Constanza Albornoz (Trabajadora Social). Su mail es: <a href=\"mailto:cmalbornoz@rec.unicen.edu.ar\">cmalbornoz@rec.unicen.edu.ar<\/a><\/p>\n<div dir=\"auto\" style=\"text-align: justify;\">\n<h3><strong><span style=\"font-family: arial, helvetica, sans-serif;\">Becas Ingresantes 2026<\/span><br \/>\n<\/strong><\/h3>\n<div dir=\"auto\">Podr\u00e1n inscribirse\u00a0<strong>del 08\/09\/2025 al 16\/03\/2026<\/strong>,\u00a0ingresando en\u00a0<a class=\"qi72231t nu7423ey n3hqoq4p r86q59rh b3qcqh3k fq87ekyn bdao358l fsf7x5fv rse6dlih s5oniofx m8h3af8h l7ghb35v kjdc1dyq kmwttqpk srn514ro oxkhqvkx rl78xhln nch0832m cr00lzj9 rn8ck1ys s3jn8y49 icdlwmnq cxfqmxzd ezidihy3\" role=\"link\" href=\"https:\/\/becas.unicen.edu.ar\/\" target=\"_blank\" rel=\"nofollow noopener noreferrer\">www.becas.unicen.edu.ar<\/a>\u00a0y completando los formularios correspondientes para luego acceder a las entrevistas y el proceso de selecci\u00f3n.<\/div>\n<div dir=\"auto\"><\/div>\n<div dir=\"auto\">Por consultas, enviar correo electr\u00f3nico a\u00a0<a href=\"mailto:bienestar@rec.unicen.edu.ar\">bienestar@rec.unicen.edu.ar<\/a>\u00a0o comunicarse al tel. 0249 \u2013 438 5510.<\/div>\n<h3><span style=\"font-family: arial, helvetica, sans-serif;\"><b>Residencias Universitarias 2026<\/b><\/span><\/h3>\n<div dir=\"auto\">Podr\u00e1n inscribirse\u00a0<strong>del 08\/09\/2025 al 17\/10\/2025<\/strong>,\u00a0ingresando en\u00a0<a href=\"https:\/\/becas.unicen.edu.ar\/\">www.becas.unicen.edu.ar<\/a>\u00a0.<\/div>\n<div dir=\"auto\">ATENCI\u00d3N: leer el apartado \"Indicaciones\".<\/div>\n<div dir=\"auto\">Luego de confirmada la inscripci\u00f3n en la p\u00e1gina web, lxs solicitantes deber\u00e1n pedir turno de entrevista al correo electr\u00f3nico:\u00a0<a href=\"mailto:residenciastandil@rec.unicen.edu.ar\">residenciastandil@rec.unicen.edu.ar<\/a>\u00a0.<\/div>\n<div dir=\"auto\"><\/div>\n<div dir=\"auto\">Para mayor informaci\u00f3n, consultar al tel. 0249 \u2013 438 5509 o por Whatsapp al 249 - 437 9243.<\/div>\n<div dir=\"auto\"><a href=\"https:\/\/www.facebook.com\/BienestarUnicen\">Facebook Secretar\u00eda de Bienestar<\/a><\/div>\n<\/div>\n<h3 style=\"text-align: justify;\"><span style=\"color: #000000; font-family: arial, helvetica, sans-serif;\"><b>Becas de Grado y finalizaci\u00f3n de carrera 2026<\/b><\/span><\/h3>\n<div dir=\"auto\" style=\"text-align: justify;\">Podr\u00e1n inscribirse <strong><span style=\"text-decoration: underline;\"><span style=\"font-size: revert;\">del 08<\/span>\/09 al 31\/10\/2025<\/span><\/strong>, ingresando en <a style=\"font-size: revert;\" href=\"http:\/\/www.becas.unicen.edu.ar\">www.<span class=\"html-span xdj266r x11i5rnm xat24cr x1mh8g0r xexx8yu x4uap5 x18d9i69 xkhd6sd x1hl2dhg x16tdsg8 x1vvkbs\">becas.unicen.edu.a<\/span>r<\/a> y completando los formularios correspondientes para luego acceder a las entrevistas y el proceso de selecci\u00f3n.<\/div>\n<div dir=\"auto\"><\/div>\n<div dir=\"auto\" style=\"text-align: justify;\">Por consultas, enviar correo electr\u00f3nico a <a href=\"mailto:bienestar@rec.unicen.edu.ar\">bienestar@rec.unicen.edu.ar<\/a> o comunicarse al tel. 0249 - 438 5510.<\/div>\n<div dir=\"auto\" style=\"text-align: justify;\"><\/div>\n<h3 style=\"text-align: justify;\"><span style=\"font-family: arial, helvetica, sans-serif; color: #000000;\">Viviendas<strong> en Tandil<\/strong><\/span><\/h3>\n<p style=\"text-align: justify;\">El listado que ofrecemos se actualiza peri\u00f3dicamente y est\u00e1 centralizado en la <strong>Secretar\u00eda de Bienestar<\/strong>\u00a0de la\u00a0<a href=\"http:\/\/www.unicen.edu.ar\" target=\"_blank\" rel=\"noopener noreferrer\">UNICEN<\/a>.<\/p>\n<ul style=\"text-align: justify;\">\n<li>Listado ABRIL 2026 (<a href=\"https:\/\/www.arte.unicen.edu.ar\/alumnos\/wp-content\/uploads\/2026\/04\/Listado-Viviendas-Tandil-ABRIL-2026.pdf\">DESCARGAR<\/a>)<\/li>\n<\/ul>\n<h3 style=\"text-align: justify;\"><span style=\"color: #000000; font-family: arial, helvetica, sans-serif;\">Comedor<\/span><\/h3>\n<p style=\"text-align: justify;\">El Comedor Universitario de Tandil se emplaza en el Campus Universitario, con una dependencia que funciona en la\u00a0 Facultad de Arte, el men\u00fa se debe encargar antes de las 11 hs de cada d\u00eda, pudiendo requerirse presencialmente o por tel\u00e9fono al n\u00famero\u00a0 0249 - 15 424 8327.<\/p>\n<h3 style=\"text-align: justify;\"><span style=\"color: #000000; font-family: arial, helvetica, sans-serif;\"><b>Salud<\/b><\/span><\/h3>\n<div class=\"x11i5rnm xat24cr x1mh8g0r x1vvkbs xtlvy1s x126k92a\">\n<div dir=\"auto\">El Departamento de Salud de la Secretar\u00eda de Bienestar ofrece a estudiantes un servicio permanente de atenci\u00f3n a cargo de un grupo de profesionales.<\/div>\n<\/div>\n<div class=\"x11i5rnm xat24cr x1mh8g0r x1vvkbs xtlvy1s x126k92a\">\n<ul>\n<li dir=\"auto\">Servicio de salud gratuito para alumnos\/as, tengan o no obra social.<\/li>\n<\/ul>\n<\/div>\n<div class=\"x11i5rnm xat24cr x1mh8g0r x1vvkbs xtlvy1s x126k92a\">\n<ul>\n<li dir=\"auto\">Se trabaja en el primer escal\u00f3n de atenci\u00f3n que es la Atenci\u00f3n Primaria de la Salud.<\/li>\n<\/ul>\n<\/div>\n<div class=\"x11i5rnm xat24cr x1mh8g0r x1vvkbs xtlvy1s x126k92a\">\n<div dir=\"auto\">&gt; \u00c1rea Preventiva: se llevan a cabo acciones de Prevenci\u00f3n, Promoci\u00f3n y Educaci\u00f3n en Salud (campa\u00f1as preventivas, charlas, actividades).<\/div>\n<\/div>\n<div class=\"x11i5rnm xat24cr x1mh8g0r x1vvkbs xtlvy1s x126k92a\">\n<div dir=\"auto\"><\/div>\n<div dir=\"auto\">&gt; \u00c1rea Asistencial: atenci\u00f3n en consultorios.<\/div>\n<\/div>\n<div class=\"x11i5rnm xat24cr x1mh8g0r x1vvkbs xtlvy1s x126k92a\">\n<div dir=\"auto\"><\/div>\n<div dir=\"auto\">Seg\u00fan la Sede, cuenta con:<\/div>\n<\/div>\n<div class=\"x11i5rnm xat24cr x1mh8g0r x1vvkbs xtlvy1s x126k92a\"><\/div>\n<div class=\"x11i5rnm xat24cr x1mh8g0r x1vvkbs xtlvy1s x126k92a\">\n<div dir=\"auto\"><span class=\"html-span xexx8yu x4uap5 x18d9i69 xkhd6sd x1hl2dhg x16tdsg8 x1vvkbs x3nfvp2 x1j61x8r x1fcty0u xdj266r xat24cr xgzva0m xhhsvwb xxymvpz xlup9mm x1kky2od\">En <\/span>Tandil:<\/div>\n<div dir=\"auto\"><span class=\"html-span xexx8yu x4uap5 x18d9i69 xkhd6sd x1hl2dhg x16tdsg8 x1vvkbs x3nfvp2 x1j61x8r x1fcty0u xdj266r xat24cr xgzva0m xhhsvwb xxymvpz xlup9mm x1kky2od\" style=\"color: initial;\"><img loading=\"lazy\" decoding=\"async\" class=\"xz74otr\" src=\"https:\/\/static.xx.fbcdn.net\/images\/emoji.php\/v9\/t4c\/1\/16\/25aa.png\" alt=\"\u25aa\ufe0f\" width=\"16\" height=\"16\" \/> <\/span>Sede Rectorado: Cl\u00ednica M\u00e9dica, Enfermer\u00eda, Psicolog\u00eda y Psicopedagog\u00eda - Cel.: 249 462 8894.<\/div>\n<div dir=\"auto\"><span class=\"html-span xexx8yu x4uap5 x18d9i69 xkhd6sd x1hl2dhg x16tdsg8 x1vvkbs x3nfvp2 x1j61x8r x1fcty0u xdj266r xat24cr xgzva0m xhhsvwb xxymvpz xlup9mm x1kky2od\"><img loading=\"lazy\" decoding=\"async\" class=\"xz74otr\" src=\"https:\/\/static.xx.fbcdn.net\/images\/emoji.php\/v9\/t4c\/1\/16\/25aa.png\" alt=\"\u25aa\ufe0f\" width=\"16\" height=\"16\" \/> <\/span>Sede Campus: Cl\u00ednica M\u00e9dica, Enfermer\u00eda, Odontolog\u00eda, Psicolog\u00eda y Psicopedagog\u00eda - Cel.: 249 463 1498.<\/div>\n<\/div>\n<div class=\"x11i5rnm xat24cr x1mh8g0r x1vvkbs xtlvy1s x126k92a\">\n<div dir=\"auto\"><\/div>\n<div dir=\"auto\">Adem\u00e1s:<\/div>\n<div dir=\"auto\"><span class=\"html-span xexx8yu x4uap5 x18d9i69 xkhd6sd x1hl2dhg x16tdsg8 x1vvkbs x3nfvp2 x1j61x8r x1fcty0u xdj266r xat24cr xgzva0m xhhsvwb xxymvpz xlup9mm x1kky2od\" style=\"color: initial;\"><img loading=\"lazy\" decoding=\"async\" class=\"xz74otr\" src=\"https:\/\/static.xx.fbcdn.net\/images\/emoji.php\/v9\/t4c\/1\/16\/25aa.png\" alt=\"\u25aa\ufe0f\" width=\"16\" height=\"16\" \/><\/span><span style=\"color: initial;\"> Servicio de Farmacia <\/span><span style=\"color: initial;\">Mutual Universitaria (Tandil): ofrece 20% de descuento a estudiantes de la UNICEN en f\u00e1rmacos estuchados y 50% de descuento en medicaci\u00f3n gen\u00e9rica - Centro Cultural Universitario, Yrigoyen 662.<\/span><\/div>\n<\/div>\n<h3 style=\"text-align: justify;\"><span style=\"color: #000000; font-family: arial, helvetica, sans-serif;\"><b>Deportes<\/b><\/span><\/h3>\n<p style=\"text-align: justify;\">Actualmente ofertas deportivas suspendidas, salvo para deportistas federados en f\u00fatbol y atletismo. Consultas al tel 0249 - 438 5511 o v\u00eda mail a: <a href=\"mailto:deportes@rec.unicen.edu.ar\">deportes@rec.unicen.edu.ar<\/a><\/p>\n<p style=\"text-align: justify;\"><span style=\"font-size: 20px;\"><strong><span style=\"color: #800080;\">M\u00c1S CONTACTOS DE INTERES:<\/span><\/strong><\/span><\/p>\n<h3 style=\"text-align: justify;\"><span style=\"font-family: arial, helvetica, sans-serif;\"><strong><span style=\"font-size: 20px; color: #000000;\">Secretar\u00eda de Bienestar (UNICEN)<\/span><\/strong><\/span><\/h3>\n<p style=\"text-align: justify;\">Correo electr\u00f3nico: <a href=\"mailto:bienestar@rec.unicen.edu.ar\">bienestar@rec.unicen.edu.ar<\/a><\/p>\n<p style=\"text-align: justify;\">Tel\u00e9fono: 0249 - 438 5510<\/p>\n<p style=\"text-align: justify;\">Facebook: <a href=\"https:\/\/www.facebook.com\/BienestarUnicen\/\">Bienestar Unicen<\/a><\/p>\n<p style=\"text-align: justify;\">\n<\/div>\n<\/div><\/div><\/div><div id=\"pgc-1749-2-2\"  class=\"panel-grid-cell panel-grid-cell-empty\" ><\/div><\/div><\/div>","protected":false},"excerpt":{"rendered":"<p>Comedor Universitario Las becas las otorga la Universidad desde la Secretar\u00eda de Bienestar\u00a0que funciona en<span class=\"more-link\"><a href=\"https:\/\/www.arte.unicen.edu.ar\/alumnos\/bienestar\/\">M\u00e1s informaci\u00f3n<\/a><\/span><\/p>\n","protected":false},"author":2,"featured_media":0,"parent":0,"menu_order":0,"comment_status":"closed","ping_status":"closed","template":"","meta":{"footnotes":""},"class_list":["entry","author-cdelgado","post-1749","page","type-page","status-publish"],"_links":{"self":[{"href":"https:\/\/www.arte.unicen.edu.ar\/alumnos\/wp-json\/wp\/v2\/pages\/1749","targetHints":{"allow":["GET"]}}],"collection":[{"href":"https:\/\/www.arte.unicen.edu.ar\/alumnos\/wp-json\/wp\/v2\/pages"}],"about":[{"href":"https:\/\/www.arte.unicen.edu.ar\/alumnos\/wp-json\/wp\/v2\/types\/page"}],"author":[{"embeddable":true,"href":"https:\/\/www.arte.unicen.edu.ar\/alumnos\/wp-json\/wp\/v2\/users\/2"}],"replies":[{"embeddable":true,"href":"https:\/\/www.arte.unicen.edu.ar\/alumnos\/wp-json\/wp\/v2\/comments?post=1749"}],"version-history":[{"count":3,"href":"https:\/\/www.arte.unicen.edu.ar\/alumnos\/wp-json\/wp\/v2\/pages\/1749\/revisions"}],"predecessor-version":[{"id":2088,"href":"https:\/\/www.arte.unicen.edu.ar\/alumnos\/wp-json\/wp\/v2\/pages\/1749\/revisions\/2088"}],"wp:attachment":[{"href":"https:\/\/www.arte.unicen.edu.ar\/alumnos\/wp-json\/wp\/v2\/media?parent=1749"}],"curies":[{"name":"wp","href":"https:\/\/api.w.org\/{rel}","templated":true}]}}